{"id":1146,"date":"2015-06-16T14:10:51","date_gmt":"2015-06-16T19:10:51","guid":{"rendered":"https:\/\/21stcenturyartivism.sites.carleton.edu\/?page_id=1146"},"modified":"2023-03-15T18:05:34","modified_gmt":"2023-03-15T18:05:34","slug":"colaborabora-interviews","status":"publish","type":"page","link":"https:\/\/21stcenturyartivism.sites.carleton.edu\/en\/colaborabora-interviews\/","title":{"rendered":"ColaBoraBora &#8211; interviews"},"content":{"rendered":"<div id=\"watch-headline-title\">\n<p class=\"yt watch-title-container\" style=\"text-align: center;\"><strong><span id=\"eow-title\" class=\"watch-title\" dir=\"ltr\" title=\"Una expedicion a ColaBoraBora: Ricardo Anton at TEDxMadrid\">Una expedicion a ColaBoraBora: Ricardo Anton at TEDxMadrid<\/span><\/strong><\/p>\n<p class=\"yt watch-title-container\" style=\"text-align: center;\"><iframe loading=\"lazy\" src=\"https:\/\/www.youtube.com\/embed\/Tv7LOpWZPZg\" width=\"560\" height=\"315\" frameborder=\"0\" allowfullscreen=\"allowfullscreen\"><\/iframe><\/p>\n<div id=\"watch-headline-title\">\n<p class=\"yt watch-title-container\" style=\"text-align: center;\"><strong><span id=\"eow-title\" class=\"watch-title\" dir=\"ltr\" title=\"Ricardo Amast\u00e9 - ColaBoraBora: Una comunidad de practica en la playa\">Ricardo Amast\u00e9 &#8211; ColaBoraBora: Una comunidad de practica en la playa<\/span><\/strong><\/p>\n<p class=\"yt watch-title-container\" style=\"text-align: center;\"><iframe loading=\"lazy\" src=\"https:\/\/www.youtube.com\/embed\/hq-8eNxHoDQ\" width=\"560\" height=\"315\" frameborder=\"0\" allowfullscreen=\"allowfullscreen\"><\/iframe><\/p>\n<p class=\"yt watch-title-container\" style=\"text-align: center;\"><strong><span id=\"eow-title\" class=\"watch-title\" dir=\"ltr\" title=\"#KOOPtel - Ricardo Ant\u00f3n, ColaBoraBora\">#KOOPtel &#8211; Ricardo Ant\u00f3n, ColaBoraBora<\/span><\/strong><\/p>\n<p class=\"yt watch-title-container\" style=\"text-align: center;\"><iframe loading=\"lazy\" src=\"https:\/\/www.youtube.com\/embed\/n0PP2vL_Z80\" width=\"560\" height=\"315\" frameborder=\"0\" allowfullscreen=\"allowfullscreen\"><\/iframe><\/p>\n<p class=\"yt watch-title-container\" style=\"text-align: center;\"><strong><span id=\"eow-title\" class=\"watch-title\" dir=\"ltr\" title=\"Colaborabora y el procom\u00fan\">Colaborabora y el procom\u00fan<\/span><\/strong><\/p>\n<p class=\"yt watch-title-container\" style=\"text-align: center;\"><iframe loading=\"lazy\" src=\"https:\/\/www.youtube.com\/embed\/NFZOBPAP8F0\" width=\"560\" height=\"315\" frameborder=\"0\" allowfullscreen=\"allowfullscreen\"><\/iframe><\/p>\n<p class=\"js-clip_title\" style=\"text-align: center;\"><strong>ColaBoraBora #2: Pol\u00edticas de colaboraci\u00f3n y trabajo colectivo<\/strong><\/p>\n<p class=\"js-clip_title\" style=\"text-align: center;\"><iframe loading=\"lazy\" src=\"https:\/\/player.vimeo.com\/video\/57623041\" width=\"500\" height=\"281\" frameborder=\"0\" allowfullscreen=\"allowfullscreen\"><\/iframe><\/p>\n<p class=\"js-clip_title\" style=\"text-align: center;\"><strong>Entrevista a Txelu Balboa de ColoraBora<\/strong><\/p>\n<p class=\"js-clip_title\" style=\"text-align: center;\"><iframe loading=\"lazy\" src=\"https:\/\/player.vimeo.com\/video\/108563448\" width=\"500\" height=\"281\" frameborder=\"0\" allowfullscreen=\"allowfullscreen\"><\/iframe><\/p>\n<p class=\"js-clip_title\" style=\"text-align: center;\"><strong>Entrevista por La Aventura del Saber<\/strong><\/p>\n<div style=\"width: 100%; padding-top: 64%; position: relative; border-bottom: 1px solid #aaa; display: inline-block; background: rgba(255,255,255,0.9);\">\n<p><strong><iframe loading=\"lazy\" style=\"width: 100%; height: 90%; position: absolute; left: 0; top: 0; overflow: hidden;\" src=\"http:\/\/www.rtve.es\/drmn\/embed\/video\/2194217\" name=\"La Aventura del Saber. ColaBoraBora\" width=\"300\" height=\"150\" frameborder=\"0\" scrolling=\"no\"><\/iframe><\/strong><\/p>\n<div style=\"position: absolute; bottom: 0; left: 0; font-family: arial,helvetica,sans-serif; font-size: 12px; line-height: 1.833; display: inline-block; padding: 5px 0 5px 10px;\"><strong>\u00a0<\/strong><\/div>\n<\/div>\n<ul>\n<li class=\"js-clip_title\" style=\"text-align: left;\"><a href=\"http:\/\/www.academia.edu\/3559039\/Cola_Bora_Bora_experiencias_entorno_al_procom\u00fan._Entrevista_con_Ricardo_Ant\u00f3n\" target=\"_blank\" rel=\"noopener noreferrer\"><span class=\"a\">ColaBoraBora, experiencias en torno al procom\u00fan:\u00a0<\/span><span class=\"a\">Entrevista con Ricardo Ant\u00f3n<\/span><\/a><\/li>\n<\/ul>\n<p style=\"text-align: right;\"><a href=\"https:\/\/21stcenturyartivism.sites.carleton.edu\/en\/colectivos\/colaborabora\/\">\u2b05\ufe0e Back to ColaBoraBora&#8217;s\u00a0Biography<\/a><\/p>\n<\/div>\n<\/div>","protected":false},"excerpt":{"rendered":"<p>Una expedicion a ColaBoraBora: Ricardo Anton at TEDxMadrid Ricardo Amast\u00e9 &#8211; ColaBoraBora: Una comunidad de practica en la playa #KOOPtel &#8211; Ricardo Ant\u00f3n, ColaBoraBora Colaborabora y el procom\u00fan ColaBoraBora #2: Pol\u00edticas de colaboraci\u00f3n y trabajo colectivo Entrevista a Txelu Balboa de ColoraBora Entrevista por La Aventura del Saber \u00a0 ColaBoraBora, experiencias en torno al procom\u00fan:\u00a0Entrevista [&hellip;]<\/p>","protected":false},"author":1,"featured_media":0,"parent":0,"menu_order":0,"comment_status":"closed","ping_status":"open","template":"","meta":{"site-container-style":"default","site-container-layout":"default","site-sidebar-layout":"default","disable-article-header":"default","disable-site-header":"default","disable-site-footer":"default","disable-content-area-spacing":"default"},"acf":[],"_links":{"self":[{"href":"https:\/\/21stcenturyartivism.sites.carleton.edu\/en\/wp-json\/wp\/v2\/pages\/1146"}],"collection":[{"href":"https:\/\/21stcenturyartivism.sites.carleton.edu\/en\/wp-json\/wp\/v2\/pages"}],"about":[{"href":"https:\/\/21stcenturyartivism.sites.carleton.edu\/en\/wp-json\/wp\/v2\/types\/page"}],"author":[{"embeddable":true,"href":"https:\/\/21stcenturyartivism.sites.carleton.edu\/en\/wp-json\/wp\/v2\/users\/1"}],"replies":[{"embeddable":true,"href":"https:\/\/21stcenturyartivism.sites.carleton.edu\/en\/wp-json\/wp\/v2\/comments?post=1146"}],"version-history":[{"count":1,"href":"https:\/\/21stcenturyartivism.sites.carleton.edu\/en\/wp-json\/wp\/v2\/pages\/1146\/revisions"}],"predecessor-version":[{"id":8718,"href":"https:\/\/21stcenturyartivism.sites.carleton.edu\/en\/wp-json\/wp\/v2\/pages\/1146\/revisions\/8718"}],"wp:attachment":[{"href":"https:\/\/21stcenturyartivism.sites.carleton.edu\/en\/wp-json\/wp\/v2\/media?parent=1146"}],"curies":[{"name":"wp","href":"https:\/\/api.w.org\/{rel}","templated":true}]}}