{"id":1164,"date":"2015-06-16T17:55:26","date_gmt":"2015-06-16T22:55:26","guid":{"rendered":"https:\/\/21stcenturyartivism.sites.carleton.edu\/?page_id=1164"},"modified":"2023-03-15T18:05:34","modified_gmt":"2023-03-15T18:05:34","slug":"basurama-interviews","status":"publish","type":"page","link":"https:\/\/21stcenturyartivism.sites.carleton.edu\/en\/basurama-interviews\/","title":{"rendered":"BASURAMA &#8211; interviews"},"content":{"rendered":"<p class=\"yt watch-title-container\" style=\"text-align: center;\"><strong><span id=\"eow-title\" class=\"watch-title\" dir=\"ltr\" title=\"Juan Lopez-Aranguren (Basurama)\">Juan Lopez-Aranguren sobre\u00a0Basurama<\/span><\/strong><\/p>\n<p class=\"yt watch-title-container\" style=\"text-align: center;\"><iframe loading=\"lazy\" src=\"https:\/\/www.youtube.com\/embed\/Ykmwzds6jao\" width=\"560\" height=\"315\" frameborder=\"0\" allowfullscreen=\"allowfullscreen\"><\/iframe><\/p>\n<p class=\"yt watch-title-container\" style=\"text-align: center;\"><strong>Entrevista a Ruben Lorenzo que habla sobre el inicio, el funcionamiento, la estructura de la asociaci\u00f3n cultural Basurama<\/strong><\/p>\n<p class=\"yt watch-title-container\" style=\"text-align: center;\"><iframe loading=\"lazy\" src=\"https:\/\/www.youtube.com\/embed\/eWsOgzKZqI8\" width=\"560\" height=\"315\" frameborder=\"0\" allowfullscreen=\"allowfullscreen\"><\/iframe><\/p>\n<p class=\"yt watch-title-container\" style=\"text-align: center;\"><iframe loading=\"lazy\" src=\"https:\/\/player.vimeo.com\/video\/87115054\" width=\"500\" height=\"375\" frameborder=\"0\" allowfullscreen=\"allowfullscreen\"><\/iframe><\/p>\n<p class=\"js-clip_title\" style=\"text-align: center;\"><strong>Entrevista Juan L\u00f3pez-Aranguren BASURAMA<\/strong><\/p>\n<p class=\"js-clip_title\" style=\"text-align: center;\"><iframe loading=\"lazy\" src=\"https:\/\/player.vimeo.com\/video\/126283577\" width=\"500\" height=\"281\" frameborder=\"0\" allowfullscreen=\"allowfullscreen\"><\/iframe><\/p>\n<p class=\"js-clip_title\" style=\"text-align: center;\"><strong>Entrevistamos a Juan y Rub\u00e9n, de Basurama<\/strong><\/p>\n<p class=\"js-clip_title\" style=\"text-align: center;\"><iframe loading=\"lazy\" src=\"https:\/\/player.vimeo.com\/video\/126855576\" width=\"500\" height=\"281\" frameborder=\"0\" allowfullscreen=\"allowfullscreen\"><\/iframe><\/p>\n<ul>\n<li class=\"js-clip_title\" style=\"text-align: left;\"><a href=\"https:\/\/consumeycalla.wordpress.com\/2008\/02\/08\/entrevista-a-basurama\/\" target=\"_blank\" rel=\"noopener noreferrer\">Entrevista a Basurama<\/a>\u00a0(08\/02\/2008)<\/li>\n<li class=\"js-clip_title\" style=\"text-align: left;\"><a href=\"http:\/\/elpais.com\/diario\/2010\/07\/23\/madrid\/1279884265_850215.html\" target=\"_blank\" rel=\"noopener noreferrer\">Queremos invitar a la gente a reflexionar sobre el espacio p\u00fablico<\/a>\u00a0(23\/07\/2010)<\/li>\n<li class=\"js-clip_title\" style=\"text-align: left;\"><a href=\"http:\/\/espacio.fundaciontelefonica.com\/2015\/06\/12\/los-datos-al-ciudadano-entrevista-con-basurama\/\" target=\"_blank\" rel=\"noopener noreferrer\">Los datos al ciudadano: entrevista con Basurama<\/a>\u00a0(12\/06\/2015)<\/li>\n<\/ul>\n<p style=\"text-align: right;\"><a href=\"https:\/\/21stcenturyartivism.sites.carleton.edu\/en\/colectivos\/basurama\/\">\u2b05\ufe0e Back to BASURAMA&#8217;s\u00a0Biography<\/a><\/p>","protected":false},"excerpt":{"rendered":"<p>Juan Lopez-Aranguren sobre\u00a0Basurama Entrevista a Ruben Lorenzo que habla sobre el inicio, el funcionamiento, la estructura de la asociaci\u00f3n cultural Basurama Entrevista Juan L\u00f3pez-Aranguren BASURAMA Entrevistamos a Juan y Rub\u00e9n, de Basurama Entrevista a Basurama\u00a0(08\/02\/2008) Queremos invitar a la gente a reflexionar sobre el espacio p\u00fablico\u00a0(23\/07\/2010) Los datos al ciudadano: entrevista con Basurama\u00a0(12\/06\/2015) \u2b05\ufe0e Back [&hellip;]<\/p>","protected":false},"author":1,"featured_media":0,"parent":0,"menu_order":0,"comment_status":"closed","ping_status":"open","template":"","meta":{"site-container-style":"default","site-container-layout":"default","site-sidebar-layout":"default","disable-article-header":"default","disable-site-header":"default","disable-site-footer":"default","disable-content-area-spacing":"default"},"acf":[],"_links":{"self":[{"href":"https:\/\/21stcenturyartivism.sites.carleton.edu\/en\/wp-json\/wp\/v2\/pages\/1164"}],"collection":[{"href":"https:\/\/21stcenturyartivism.sites.carleton.edu\/en\/wp-json\/wp\/v2\/pages"}],"about":[{"href":"https:\/\/21stcenturyartivism.sites.carleton.edu\/en\/wp-json\/wp\/v2\/types\/page"}],"author":[{"embeddable":true,"href":"https:\/\/21stcenturyartivism.sites.carleton.edu\/en\/wp-json\/wp\/v2\/users\/1"}],"replies":[{"embeddable":true,"href":"https:\/\/21stcenturyartivism.sites.carleton.edu\/en\/wp-json\/wp\/v2\/comments?post=1164"}],"version-history":[{"count":1,"href":"https:\/\/21stcenturyartivism.sites.carleton.edu\/en\/wp-json\/wp\/v2\/pages\/1164\/revisions"}],"predecessor-version":[{"id":8611,"href":"https:\/\/21stcenturyartivism.sites.carleton.edu\/en\/wp-json\/wp\/v2\/pages\/1164\/revisions\/8611"}],"wp:attachment":[{"href":"https:\/\/21stcenturyartivism.sites.carleton.edu\/en\/wp-json\/wp\/v2\/media?parent=1164"}],"curies":[{"name":"wp","href":"https:\/\/api.w.org\/{rel}","templated":true}]}}