{"id":148,"date":"2014-08-01T11:32:08","date_gmt":"2014-08-01T16:32:08","guid":{"rendered":"https:\/\/21stcenturyartivism.sites.carleton.edu\/?page_id=148"},"modified":"2023-03-15T18:05:36","modified_gmt":"2023-03-15T18:05:36","slug":"siminiani-other-work","status":"publish","type":"page","link":"https:\/\/21stcenturyartivism.sites.carleton.edu\/en\/siminiani-other-work\/","title":{"rendered":"Le\u00f3n Siminiani &#8211; Original Works"},"content":{"rendered":"<h3 style=\"text-align: center;\">Largometraje &#8211; Feature Film<\/h3>\n<h5 style=\"text-align: center;\">\u00abMapa\u00bb \/ <em>Map<\/em>, Spain\/India, 2012, 85&#8242; <a href=\"https:\/\/vimeo.com\/91695740\" target=\"_blank\" rel=\"noopener noreferrer\">TRAILER<\/a><\/h5>\n<p style=\"text-align: center;\">\u00abMapa\u00bb, una pel\u00edcula-canci\u00f3n como la describi\u00f3 el propio Siminiani, es un film-diario, en el cual se exploran las reglas ling\u00fc\u00edsticas del cine a trav\u00e9s del empleo de material autobiogr\u00e1fico, (re)definiendo nuevos territorios conceptuales en el cine de no ficci\u00f3n. (<a href=\"http:\/\/desistfilm.com\/mapa-elias-leon-siminiani\/\" target=\"_blank\" rel=\"noopener noreferrer\">Source<\/a>)<\/p>\n<p style=\"text-align: center;\">\u00a0<em>Mapa<\/em>, a\u00a0film-song as described by Siminiani, is a diary film that explores cinema&#8217;s linguistic rules and regulations through the use of autobiography, (re)defining the\u00a0new conceptual territories in non-fiction film.<\/p>\n<h5 style=\"text-align: center;\">\u00abBasilio Mart\u00edn Patino. La d\u00e9cima carta\u00bb \/ <em>Basilio Mart\u00edn Patino. The Tenth Letter<\/em>, Spain, 2014, 65&#8242; (Screenwriter)<\/h5>\n<p style=\"text-align: center;\">Basilio Mart\u00edn Patino mand\u00f3 en 1966 nueve cartas a Berta. Casi cincuenta a\u00f1os despu\u00e9s, Virginia Garc\u00eda del Pino intenta escribir la d\u00e9cima. Una carta compartida entre ella y Basilio Mart\u00edn Patino, el retrato de una identidad en fuga que indaga, bajo el precepto enunciado por el propio Patino, \u201colvidarse de toda preceptiva sobre lo que se deba hacer\u201d, qu\u00e9 queda de aquel estudiante rebelde que escrib\u00eda a Berta en 1966, el inicio de una brillante trayectoria como cineasta. (<a href=\"http:\/\/www.sansebastianfestival.com\/2014\/secciones_y_peliculas\/zabaltegi\/7\/625671\/es\" target=\"_blank\" rel=\"noopener noreferrer\">Source<\/a>)<\/p>\n<p style=\"text-align: center;\">In 1966, Basilio Mart\u00edn Patino sent nine letters to Bertha.\u00a0Almost fifty years later, Virginia Garc\u00eda del Pino\u00a0tries to write the tenth one, following Patino\u2019s rule: \u201cto\u00a0forget any precept over what must be done\u201d. This film\u00a0is a letter shared between herself and Basilio Mart\u00edn\u00a0Patino after his brilliant career as a filmmaker, a portrait\u00a0that delves into a receding identity, into what is\u00a0left of the once rebellious student who wrote to Bertha\u00a0in 1966. (<a href=\"http:\/\/miradasdoc.com\/mdoc2015\/?portfolio_page=espanol-basilio-martin-patino-la-decima-carta\" target=\"_blank\" rel=\"noopener noreferrer\">Source<\/a>)<\/p>\n<h5 style=\"text-align: center;\">\u00abCartas a Mar\u00eda\u00bb\/ <em>Letters to Mar\u00eda<\/em>, Spain\/France, 2014, 85&#8242; (Screenwriter) Dir.\u00a0Maite Garc\u00eda Ribot\u00a0<a href=\"https:\/\/vimeo.com\/117085856\" target=\"_blank\" rel=\"noopener noreferrer\">TRAILER<\/a><\/h5>\n<p style=\"text-align: center;\">A ra\u00edz de la enfermedad de Alzheimer de su padre, Maite emprende un viaje para desvelar y reconstruir, a veces desde la imaginaci\u00f3n, la historia de su abuelo. Pedro fue un exiliado republicano que, para sobrevivir, trabaj\u00f3 para el gobierno franc\u00e9s y el ej\u00e9rcito nazi. Pero su lucha por regresar junto a su familia en Espa\u00f1a se vio truncada por los americanos. A trav\u00e9s de la palabra, del recuerdo, del silencio, de las im\u00e1genes y los objetos, Maite hilar\u00e1 esta singular historia para acercarse a su padre, en un intento de robarle el tiempo al olvido. (<a href=\"http:\/\/www.fotogramas.es\/Peliculas\/Cartas-a-Maria\" target=\"_blank\" rel=\"noopener noreferrer\">Source<\/a>)<\/p>\n<p style=\"text-align: center;\">As a result of her father\u2019s Alzheimer\u2019s disease, Maite decides to recover the unknown and silenced story of her grandfather Pedro. In 1939, the Republican Pedro had to go into exile in France, leaving behind his wife Mar\u00eda and their two sons. In order to survive the harsh living conditions in the refugee camps in the South of France he had to work for the French government and even for the Nazi army. Through 46 letters that Pedro wrote to Mar\u00eda from exile, Maite will discover and imagine this unique and epic family story \u2026 (<a href=\"http:\/\/www.crossingeurope.at\/program\/programm2013\/film.html?L=1&amp;movie=5523\" target=\"_blank\" rel=\"noopener noreferrer\">Source<\/a>)<\/p>\n<h5 style=\"text-align: center;\">\u00abApuntes para una pel\u00edcula de atracos\u00bb, Spain, 2015<\/h5>\n<h3 style=\"text-align: center;\">Cortometraje &#8211; Short<\/h3>\n<h5 style=\"text-align: center;\"><a href=\"https:\/\/vimeo.com\/13377009\" target=\"_blank\" rel=\"noopener noreferrer\">\u00abLos or\u00edgenes del marketing\u00bb<\/a>, 2010, 6&#8242;<\/h5>\n<h5 style=\"text-align: center;\">\u00abConceptos clave del mundo moderno\u00bb \/ <em>Key Concepts of the Modern Worl<\/em>d\u00a0(Series of Micro essay films &#8211; 4 to date)<\/h5>\n<p style=\"text-align: center;\">The series has won more than 100 national and international awards including the award for Best Short Film at the Malaga Film Festival 2010 and the First\u00a0Award in Alcine 2009 ex aequo.<\/p>\n<h5 style=\"text-align: center;\">1 &#8211;<a href=\"http:\/\/www.hamacaonline.net\/obra.php?id=785\" target=\"_blank\" rel=\"noopener noreferrer\">\u00abLa oficina\u00bb \/ <em>The Office<\/em><\/a>, 1998, 5&#8242;<\/h5>\n<p style=\"text-align: center;\"><iframe loading=\"lazy\" src=\"\/\/www.dailymotion.com\/embed\/video\/x16tpbu\" width=\"480\" height=\"270\" frameborder=\"0\" allowfullscreen=\"allowfullscreen\"><\/iframe><br \/>\n<i><\/i><\/p>\n<h5 style=\"text-align: center;\"><span style=\"line-height: 1.5; text-align: left;\">2\u00a0&#8211; <a href=\"http:\/\/www.hamacaonline.net\/obra.php?id=786\" target=\"_blank\" rel=\"noopener noreferrer\">\u00abEl permiso\u00bb \/ <em>The Permit<\/em><\/a>, 2001, 4&#8242;<\/span><\/h5>\n<p style=\"text-align: center;\"><iframe loading=\"lazy\" src=\"https:\/\/player.vimeo.com\/video\/12590159\" width=\"500\" height=\"419\" frameborder=\"0\" allowfullscreen=\"allowfullscreen\"><\/iframe><\/p>\n<h5 style=\"text-align: center;\">3 &#8211;<a href=\"http:\/\/www.hamacaonline.net\/obra.php?id=787\" target=\"_blank\" rel=\"noopener noreferrer\"> \u00abDigital\u00bb \/ <em>Digital<\/em><\/a>, 2004, 7&#8242;<\/h5>\n<p style=\"text-align: center;\"><iframe loading=\"lazy\" src=\"https:\/\/player.vimeo.com\/video\/15750915\" width=\"500\" height=\"375\" frameborder=\"0\" allowfullscreen=\"allowfullscreen\"><\/iframe><\/p>\n<h5 style=\"text-align: center;\">4 &#8211; <a href=\"http:\/\/www.hamacaonline.net\/obra.php?id=788\" target=\"_blank\" rel=\"noopener noreferrer\">\u00abEl tr\u00e1nsito\u00bb \/ <em>The Commute<\/em><\/a>, 2009, 12&#8242;<\/h5>\n<p style=\"text-align: center;\"><iframe loading=\"lazy\" src=\"https:\/\/player.vimeo.com\/video\/11946502\" width=\"500\" height=\"375\" frameborder=\"0\" allowfullscreen=\"allowfullscreen\"><\/iframe><\/p>\n<h5 style=\"text-align: center;\"><a href=\"https:\/\/vimeo.com\/6159448\" target=\"_blank\" rel=\"noopener noreferrer\">\u00abDos m\u00e1s\u00bb\/ <em>Two More<\/em><\/a>,\u00a02001, 19&#8242;<\/h5>\n<h5 style=\"text-align: center;\">\u00abArchipi\u00e9lago\u00bb,\u00a02003, 18&#8242;<\/h5>\n<h5 style=\"text-align: center;\">\u00abLudoterapia\u00bb, 2003, 14&#8242;<\/h5>\n<h5 style=\"text-align: center;\"><a href=\"https:\/\/vimeo.com\/15068422\" target=\"_blank\" rel=\"noopener noreferrer\">\u00abZoom\u00bb<\/a>,\u00a02005, 3&#8242;<\/h5>\n<h5 style=\"text-align: center;\">\u00ab<a href=\"http:\/\/plat.tv\/filmes\/ml2-vecinos\" target=\"_blank\" rel=\"noopener noreferrer\">Vecinos<\/a>\u00ab, 2005, 5&#8242;<\/h5>\n<h5 style=\"text-align: center;\">\u00ab<a href=\"http:\/\/plat.tv\/filmes\/ml3-salto\" target=\"_blank\" rel=\"noopener noreferrer\">Salto<\/a>\u00ab, 2006, 4&#8242;<\/h5>\n<h5 style=\"text-align: center;\">\u00ab<a href=\"http:\/\/plat.tv\/filmes\/ml1-pene\" target=\"_blank\" rel=\"noopener noreferrer\">Pene<\/a>\u00ab, 2007, 5&#8242;<\/h5>\n<h5 style=\"text-align: center;\"><a href=\"https:\/\/vimeo.com\/13967386\" target=\"_blank\" rel=\"noopener noreferrer\">\u00abL\u00edmites 1\u00aa\u00a0persona\u00bb<\/a>, 2009, 8&#8242;<\/h5>\n<h5 style=\"text-align: center;\">\u00abEl premio\u00bb, 2011, 16&#8242;<\/h5>\n<p style=\"text-align: center;\"><iframe loading=\"lazy\" src=\"https:\/\/www.youtube.com\/embed\/YW9wd44u2fc\" width=\"560\" height=\"315\" frameborder=\"0\" allowfullscreen=\"allowfullscreen\"><\/iframe><\/p>\n<h3 style=\"text-align: center;\">Televisi\u00f3n &#8211; Television<\/h3>\n<h5 style=\"text-align: center;\">\u00abCorta-T\u00bb<\/h5>\n<p style=\"text-align: center;\">\u00abEse culito\/De shopping\/Rock &amp; roll star\/Todos con el burro\/Lo m\u00e1s grande\u00bb (2005)<\/p>\n<p style=\"text-align: center;\">\u00abMi vieja, la number one\/No puedo, me ha pillado robandoo\/MP3\/La ri\u00f1a\/Gim\u00bb (2006)<\/p>\n<h5 style=\"text-align: center;\">\u00abCambio de clase\u00bb<\/h5>\n<p style=\"text-align: center;\">\u00abConcurso de belleza (2006)<\/p>\n<h5 style=\"text-align: center;\">\u00abEl s\u00edndrome de Ulises\u00bb<\/h5>\n<p style=\"text-align: center;\">\u00abViejos conocidos\u00bb (2007)<\/p>\n<h5 style=\"text-align: center;\"><em>The Refugees<\/em><\/h5>\n<p style=\"text-align: center;\">\u00abSolos\u00bb (2015)<\/p>\n<p style=\"text-align: center;\">\u00abLa verdad\u00bb (2015)<\/p>\n<p style=\"text-align: center;\">\u00abSara\u00bb (2015)<\/p>\n<h3 style=\"text-align: center;\">Art\u00edculos &#8211; Articles<\/h3>\n<ul>\n<li>\n<h5>Siminiani, Le\u00f3n. <a href=\"https:\/\/addiehu.ehu.es\/bitstream\/10810\/8203\/1\/Territorios%20y%20Fronteras.pdf\" target=\"_blank\" rel=\"noopener noreferrer\">\u00ab\u00bfHacia una po\u00e9tica de la contradicci\u00f3n?\u00bb\u00a0<i>Territorios y fronteras: experiencias documentales contempor\u00e1neas<\/i>.<\/a> Vanesa\u00a0Fern\u00e1ndez Guerra and Miren Gabantxo Uriagereka, eds.\u00a0Servicio Editorial de la Universidad del Pa\u00eds Vasco\/Euskal Herriko Unibertsitatearen Argitalpen Zerbitzua, 2012. Web. 22 \u00a0Dec. 2015.<\/h5>\n<\/li>\n<\/ul>\n<p style=\"text-align: right;\"><a href=\"https:\/\/21stcenturyartivism.sites.carleton.edu\/en\/audiovisual-creation\/leon-siminiani\/\">\u2b05\ufe0e Back to Le\u00f3n Siminiani&#8217;s\u00a0Biography<\/a><\/p>","protected":false},"excerpt":{"rendered":"<p>Largometraje &#8211; Feature Film \u00abMapa\u00bb \/ Map, Spain\/India, 2012, 85&#8242; TRAILER \u00abMapa\u00bb, una pel\u00edcula-canci\u00f3n como la describi\u00f3 el propio Siminiani, es un film-diario, en el cual se exploran las reglas ling\u00fc\u00edsticas del cine a trav\u00e9s del empleo de material autobiogr\u00e1fico, (re)definiendo nuevos territorios conceptuales en el cine de no ficci\u00f3n. (Source) \u00a0Mapa, a\u00a0film-song as described [&hellip;]<\/p>","protected":false},"author":1,"featured_media":0,"parent":0,"menu_order":0,"comment_status":"closed","ping_status":"open","template":"","meta":{"site-container-style":"default","site-container-layout":"default","site-sidebar-layout":"default","disable-article-header":"default","disable-site-header":"default","disable-site-footer":"default","disable-content-area-spacing":"default"},"acf":[],"_links":{"self":[{"href":"https:\/\/21stcenturyartivism.sites.carleton.edu\/en\/wp-json\/wp\/v2\/pages\/148"}],"collection":[{"href":"https:\/\/21stcenturyartivism.sites.carleton.edu\/en\/wp-json\/wp\/v2\/pages"}],"about":[{"href":"https:\/\/21stcenturyartivism.sites.carleton.edu\/en\/wp-json\/wp\/v2\/types\/page"}],"author":[{"embeddable":true,"href":"https:\/\/21stcenturyartivism.sites.carleton.edu\/en\/wp-json\/wp\/v2\/users\/1"}],"replies":[{"embeddable":true,"href":"https:\/\/21stcenturyartivism.sites.carleton.edu\/en\/wp-json\/wp\/v2\/comments?post=148"}],"version-history":[{"count":1,"href":"https:\/\/21stcenturyartivism.sites.carleton.edu\/en\/wp-json\/wp\/v2\/pages\/148\/revisions"}],"predecessor-version":[{"id":8802,"href":"https:\/\/21stcenturyartivism.sites.carleton.edu\/en\/wp-json\/wp\/v2\/pages\/148\/revisions\/8802"}],"wp:attachment":[{"href":"https:\/\/21stcenturyartivism.sites.carleton.edu\/en\/wp-json\/wp\/v2\/media?parent=148"}],"curies":[{"name":"wp","href":"https:\/\/api.w.org\/{rel}","templated":true}]}}