{"id":155,"date":"2014-08-01T11:34:47","date_gmt":"2014-08-01T16:34:47","guid":{"rendered":"https:\/\/21stcenturyartivism.sites.carleton.edu\/?page_id=155"},"modified":"2023-03-15T18:05:37","modified_gmt":"2023-03-15T18:05:37","slug":"clemente-original-work","status":"publish","type":"page","link":"https:\/\/21stcenturyartivism.sites.carleton.edu\/en\/clemente-original-work\/","title":{"rendered":"\u00d3scar Clemente &#8211; Original Works"},"content":{"rendered":"<h3 style=\"text-align: center;\">Largometraje &#8211; Feature Film<\/h3>\n<h5 style=\"text-align: center;\">\u00ab3a: Se necesita chica para trabajar\u00bb, Spain, 2008<\/h5>\n<h5 style=\"text-align: center;\"><a href=\"https:\/\/vimeo.com\/49101703\" target=\"_blank\" rel=\"noopener noreferrer\">\u00abSobre ruedas: El sue\u00f1o del autom\u00f3vil\u00bb \/\u00a0<em>Keep on Rolling: The Dream of the Automobile<\/em><\/a>, Spain, 2011, 56&#8242;<\/h5>\n<p style=\"text-align: center;\">El autom\u00f3vil nos condujo hacia el sue\u00f1o de la sociedad de consumo. Casi 100 a\u00f1os despu\u00e9s, \u00e9ste documental reflexiona sobre las consecuencias sociales y ambientales de la materializaci\u00f3n de su promesa: un coche para cada individuo y bolsillo. (<a href=\"http:\/\/www.ecoavant.com\/es\/ecoavant-tv\/sobre-ruedas-el-sueno-del-automovil-073\" target=\"_blank\" rel=\"noopener noreferrer\">Source<\/a>)<\/p>\n<p style=\"text-align: center;\">The automobile drove us towards the dream of the consumer society. Nearly a hundred years later, this documentary reflects on the social and environmental consequences of the realization of this promise: A car for each individual and each pocketbook. (<a href=\"https:\/\/apps.carleton.edu\/curricular\/cams\/camszine\/?story_id=1332623\" target=\"_blank\" rel=\"noopener noreferrer\">Source<\/a>)<\/p>\n<h5 style=\"text-align: center;\"><a href=\"https:\/\/vimeo.com\/51401005\" target=\"_blank\" rel=\"noopener noreferrer\">\u00abBendito Simulacro\u00bb \/\u00a0<em>Blessed Simulacrum<\/em><\/a>, Spain, 2012, 22&#8242; (con\/with\u00a0Eduardo Montero)<\/h5>\n<p style=\"text-align: center;\">El personaje del m\u00e1rtir ilusionista, que sacrifica su propia capacidad de ser seducido en pos de la ilusi\u00f3n ajena. Un documental sobre un imaginero &#8211; proyeccionista &#8211; mago. Sobre la necesidad humana del relato y la representaci\u00f3n. Sobre las mentiras que nos convencen. (<a href=\"http:\/\/www.3boxmedia.com\/es\/video\/art-music-culture\/bendito-simulacro\" target=\"_blank\" rel=\"noopener noreferrer\">Source<\/a>)<\/p>\n<p style=\"text-align: center;\">The character of a martyr magician, who sacrifices his own capacity to be seduced for\u00a0the illusions of others. A documentary about a religious sculptor\u00a0&#8211; cinema operator\u00a0&#8211; magician about the human need\u00a0for representation and story, and the lies that seduce us.<\/p>\n<h3 style=\"text-align: center;\">Cortometraje &#8211; Short<\/h3>\n<h5 style=\"text-align: center;\">\u00ab<a href=\"https:\/\/vimeo.com\/49105350\" target=\"_blank\" rel=\"noopener noreferrer\">Playa de Monte Gordo<\/a>\u00bb \/ <a href=\"https:\/\/vimeo.com\/49103449\" target=\"_blank\" rel=\"noopener noreferrer\"><em>Monte Gordo Beach<\/em><\/a>, Spain, 2007, 30&#8242;<\/h5>\n<h5 style=\"text-align: center;\"><a href=\"https:\/\/vimeo.com\/48872544\" target=\"_blank\" rel=\"noopener noreferrer\">\u00abLa historia del perro Schumann\u00bb \/\u00a0<em>The Story of a Dog named Schumann<\/em><\/a>, Spain, 2008, 5&#8242;<\/h5>\n<h5 style=\"text-align: center;\"><a href=\"https:\/\/vimeo.com\/49770688\" target=\"_blank\" rel=\"noopener noreferrer\">\u00abEl museo durmiente\u00bb<\/a>, Spain, 2012, 13&#8242;<\/h5>\n<p style=\"text-align: right;\"><a href=\"https:\/\/21stcenturyartivism.sites.carleton.edu\/en\/audiovisual-creation\/oscar-clemente\/\">\u2b05\ufe0e Back to \u00d3scar Clemente&#8217;s Biography<\/a><\/p>","protected":false},"excerpt":{"rendered":"<p>Largometraje &#8211; Feature Film \u00ab3a: Se necesita chica para trabajar\u00bb, Spain, 2008 \u00abSobre ruedas: El sue\u00f1o del autom\u00f3vil\u00bb \/\u00a0Keep on Rolling: The Dream of the Automobile, Spain, 2011, 56&#8242; El autom\u00f3vil nos condujo hacia el sue\u00f1o de la sociedad de consumo. Casi 100 a\u00f1os despu\u00e9s, \u00e9ste documental reflexiona sobre las consecuencias sociales y ambientales de [&hellip;]<\/p>","protected":false},"author":1,"featured_media":0,"parent":0,"menu_order":0,"comment_status":"closed","ping_status":"open","template":"","meta":{"site-container-style":"default","site-container-layout":"default","site-sidebar-layout":"default","disable-article-header":"default","disable-site-header":"default","disable-site-footer":"default","disable-content-area-spacing":"default"},"acf":[],"_links":{"self":[{"href":"https:\/\/21stcenturyartivism.sites.carleton.edu\/en\/wp-json\/wp\/v2\/pages\/155"}],"collection":[{"href":"https:\/\/21stcenturyartivism.sites.carleton.edu\/en\/wp-json\/wp\/v2\/pages"}],"about":[{"href":"https:\/\/21stcenturyartivism.sites.carleton.edu\/en\/wp-json\/wp\/v2\/types\/page"}],"author":[{"embeddable":true,"href":"https:\/\/21stcenturyartivism.sites.carleton.edu\/en\/wp-json\/wp\/v2\/users\/1"}],"replies":[{"embeddable":true,"href":"https:\/\/21stcenturyartivism.sites.carleton.edu\/en\/wp-json\/wp\/v2\/comments?post=155"}],"version-history":[{"count":1,"href":"https:\/\/21stcenturyartivism.sites.carleton.edu\/en\/wp-json\/wp\/v2\/pages\/155\/revisions"}],"predecessor-version":[{"id":9085,"href":"https:\/\/21stcenturyartivism.sites.carleton.edu\/en\/wp-json\/wp\/v2\/pages\/155\/revisions\/9085"}],"wp:attachment":[{"href":"https:\/\/21stcenturyartivism.sites.carleton.edu\/en\/wp-json\/wp\/v2\/media?parent=155"}],"curies":[{"name":"wp","href":"https:\/\/api.w.org\/{rel}","templated":true}]}}