{"id":1834,"date":"2015-07-02T08:59:02","date_gmt":"2015-07-02T13:59:02","guid":{"rendered":"https:\/\/21stcenturyartivism.sites.carleton.edu\/?page_id=1834"},"modified":"2023-03-15T18:05:37","modified_gmt":"2023-03-15T18:05:37","slug":"oscar-carpintero-interviews","status":"publish","type":"page","link":"https:\/\/21stcenturyartivism.sites.carleton.edu\/en\/oscar-carpintero-interviews\/","title":{"rendered":"\u00d3scar Carpintero &#8211; Interviews"},"content":{"rendered":"<p class=\"yt watch-title-container\" style=\"text-align: center;\"><iframe loading=\"lazy\" src=\"https:\/\/www.youtube.com\/embed\/JersZaD1bik\" width=\"420\" height=\"315\" frameborder=\"0\" allowfullscreen=\"allowfullscreen\"><\/iframe><\/p>\n<p class=\"yt watch-title-container\" style=\"text-align: center;\"><iframe loading=\"lazy\" src=\"https:\/\/www.youtube.com\/embed\/GM5Gwu3O6Lk\" width=\"560\" height=\"315\" frameborder=\"0\" allowfullscreen=\"allowfullscreen\"><\/iframe><\/p>\n<p class=\"yt watch-title-container\" style=\"text-align: center;\"><iframe loading=\"lazy\" src=\"https:\/\/www.youtube.com\/embed\/kVCphYntuuY\" width=\"560\" height=\"315\" frameborder=\"0\" allowfullscreen=\"allowfullscreen\"><\/iframe><\/p>\n<p class=\"yt watch-title-container\" style=\"text-align: center;\"><iframe loading=\"lazy\" src=\"https:\/\/player.vimeo.com\/video\/113737414\" width=\"500\" height=\"281\" frameborder=\"0\" allowfullscreen=\"allowfullscreen\"><\/iframe><\/p>\n<p class=\"yt watch-title-container\" style=\"text-align: center;\"><iframe loading=\"lazy\" src=\"https:\/\/www.youtube.com\/embed\/SSVJBlGPxDc\" width=\"560\" height=\"315\" frameborder=\"0\" allowfullscreen=\"allowfullscreen\"><\/iframe><\/p>\n<h3 class=\"yt watch-title-container\" style=\"text-align: center;\">M\u00e1s Entrevistas &#8211; More Interviews<\/h3>\n<ul>\n<li class=\"yt watch-title-container\">\n<h5>\u00ab<a href=\"\/en\/www.elviejotopo.com\/web\/archivo_revista.php\/?arch=570.pdf\" target=\"_blank\" rel=\"noopener noreferrer\">En el centenario de Georgescu-Roegen\u00a0Entrevista con \u00d3scar Carpintero<\/a>\u00bb por\u00a0Salvador L\u00f3pez Arnal<\/h5>\n<\/li>\n<li class=\"yt watch-title-container\">\n<h5><a href=\"http:\/\/www.latribunadetoledo.es\/noticia\/Z9F6F767B-AE5C-9FE6-C1E15F2533DF42DE\/20120617\/oscar\/carpintero\/decir\/austeridad\/saca\/crisis\/invoca\/cuestion\/fe\" target=\"_blank\" rel=\"noopener noreferrer\"><span id=\"ctl00_cph2Columnas_lblTitulo\">\u00d3scar Carpintero: \u00abDecir que la austeridad nos saca de la crisis invoca una cuesti\u00f3n de fe\u00bb<\/span><\/a>\u00a0(17\/06\/2012)<\/h5>\n<\/li>\n<li class=\"yt watch-title-container\">\n<h5><a href=\"http:\/\/www.ecomilenio.es\/entrevista-a-oscar-carpintero-autor-del-capitulo-de-impulsores-indirectos-de-cambio-economicos-cap-19\/2404\" target=\"_blank\" rel=\"noopener noreferrer\">Entrevista a \u00d3scar Carpintero. Autor del cap\u00edtulo de impulsores indirectos de cambio econ\u00f3micos (Cap. 19)<\/a> (07\/11\/2012)<\/h5>\n<\/li>\n<li class=\"yt watch-title-container\">\n<h5><a href=\"http:\/\/www.ivoox.com\/oscar-carpintero-audios-mp3_rf_9585975_1.html\" target=\"_blank\" rel=\"noopener noreferrer\">Radio entrevista: Conferencia de \u00d3scar Carpintero sobre Manuel Sacrist\u00e1n y los economistas<\/a>\u00a0(03\/12\/2015)<\/h5>\n<\/li>\n<li class=\"yt watch-title-container\">\n<h5><a href=\"http:\/\/iniciativadebate.org\/2015\/07\/20\/oscar-carpintero-economista-es-necesario-transitar-a-otro-modelo-economico-sostenible-con-el-entorno-y-las-personas\/\" target=\"_blank\" rel=\"noopener noreferrer\">\u00d3scar Carpintero, economista. \u201cEs necesario transitar a otro modelo econ\u00f3mico sostenible con el entorno y las personas\u201d<\/a>\u00a0(20\/07\/2015)<\/h5>\n<\/li>\n<\/ul>\n<p style=\"text-align: right;\"><a href=\"https:\/\/21stcenturyartivism.sites.carleton.edu\/en\/essay\/oscar-carpintero\/\">\u2b05\ufe0e Back to \u00d3scar Carpintero&#8217;s Biography<\/a><\/p>","protected":false},"excerpt":{"rendered":"<p>M\u00e1s Entrevistas &#8211; More Interviews \u00abEn el centenario de Georgescu-Roegen\u00a0Entrevista con \u00d3scar Carpintero\u00bb por\u00a0Salvador L\u00f3pez Arnal \u00d3scar Carpintero: \u00abDecir que la austeridad nos saca de la crisis invoca una cuesti\u00f3n de fe\u00bb\u00a0(17\/06\/2012) Entrevista a \u00d3scar Carpintero. Autor del cap\u00edtulo de impulsores indirectos de cambio econ\u00f3micos (Cap. 19) (07\/11\/2012) Radio entrevista: Conferencia de \u00d3scar Carpintero sobre [&hellip;]<\/p>","protected":false},"author":1,"featured_media":0,"parent":0,"menu_order":0,"comment_status":"closed","ping_status":"open","template":"","meta":{"site-container-style":"default","site-container-layout":"default","site-sidebar-layout":"default","disable-article-header":"default","disable-site-header":"default","disable-site-footer":"default","disable-content-area-spacing":"default"},"acf":[],"_links":{"self":[{"href":"https:\/\/21stcenturyartivism.sites.carleton.edu\/en\/wp-json\/wp\/v2\/pages\/1834"}],"collection":[{"href":"https:\/\/21stcenturyartivism.sites.carleton.edu\/en\/wp-json\/wp\/v2\/pages"}],"about":[{"href":"https:\/\/21stcenturyartivism.sites.carleton.edu\/en\/wp-json\/wp\/v2\/types\/page"}],"author":[{"embeddable":true,"href":"https:\/\/21stcenturyartivism.sites.carleton.edu\/en\/wp-json\/wp\/v2\/users\/1"}],"replies":[{"embeddable":true,"href":"https:\/\/21stcenturyartivism.sites.carleton.edu\/en\/wp-json\/wp\/v2\/comments?post=1834"}],"version-history":[{"count":1,"href":"https:\/\/21stcenturyartivism.sites.carleton.edu\/en\/wp-json\/wp\/v2\/pages\/1834\/revisions"}],"predecessor-version":[{"id":9079,"href":"https:\/\/21stcenturyartivism.sites.carleton.edu\/en\/wp-json\/wp\/v2\/pages\/1834\/revisions\/9079"}],"wp:attachment":[{"href":"https:\/\/21stcenturyartivism.sites.carleton.edu\/en\/wp-json\/wp\/v2\/media?parent=1834"}],"curies":[{"name":"wp","href":"https:\/\/api.w.org\/{rel}","templated":true}]}}