{"id":1875,"date":"2015-07-05T21:38:01","date_gmt":"2015-07-06T02:38:01","guid":{"rendered":"https:\/\/21stcenturyartivism.sites.carleton.edu\/?page_id=1875"},"modified":"2023-03-15T18:05:36","modified_gmt":"2023-03-15T18:05:36","slug":"jonas-trueba-interviews","status":"publish","type":"page","link":"https:\/\/21stcenturyartivism.sites.carleton.edu\/en\/jonas-trueba-interviews\/","title":{"rendered":"Jon\u00e1s Trueba &#8211; Interviews"},"content":{"rendered":"<p class=\"yt watch-title-container\" style=\"text-align: center;\"><iframe loading=\"lazy\" src=\"https:\/\/www.youtube.com\/embed\/-joEwgZRyEg\" width=\"560\" height=\"315\" frameborder=\"0\" allowfullscreen=\"allowfullscreen\"><\/iframe><\/p>\n<p class=\"yt watch-title-container\" style=\"text-align: center;\"><iframe loading=\"lazy\" src=\"https:\/\/www.youtube.com\/embed\/GMuScnIQRY4\" width=\"560\" height=\"315\" frameborder=\"0\" allowfullscreen=\"allowfullscreen\"><\/iframe><\/p>\n<p class=\"yt watch-title-container\" style=\"text-align: center;\"><iframe loading=\"lazy\" src=\"https:\/\/www.youtube.com\/embed\/v2WkUFvVkvI\" width=\"560\" height=\"315\" frameborder=\"0\" allowfullscreen=\"allowfullscreen\"><\/iframe><\/p>\n<p class=\"yt watch-title-container\" style=\"text-align: center;\"><iframe loading=\"lazy\" src=\"https:\/\/player.vimeo.com\/video\/65689912\" width=\"500\" height=\"281\" frameborder=\"0\" allowfullscreen=\"allowfullscreen\"><\/iframe><\/p>\n<p style=\"text-align: center;\"><iframe loading=\"lazy\" src=\"https:\/\/www.youtube.com\/embed\/a0zIqPqkkc4\" width=\"560\" height=\"315\" frameborder=\"0\" allowfullscreen=\"allowfullscreen\"><\/iframe><\/p>\n<p style=\"text-align: center;\"><iframe loading=\"lazy\" src=\"https:\/\/player.vimeo.com\/video\/142853290?color=ffffff&amp;byline=0&amp;portrait=0\" width=\"500\" height=\"281\" frameborder=\"0\" allowfullscreen=\"allowfullscreen\"><\/iframe><\/p>\n<p class=\"yt watch-title-container\" style=\"text-align: center;\"><iframe loading=\"lazy\" src=\"https:\/\/www.youtube.com\/embed\/jHiZ_qAM3s8\" width=\"420\" height=\"315\" frameborder=\"0\" allowfullscreen=\"allowfullscreen\"><\/iframe><\/p>\n<div id=\"watch-headline-title\">\n<p class=\"yt watch-title-container\" style=\"text-align: center;\"><iframe loading=\"lazy\" src=\"https:\/\/www.youtube.com\/embed\/lU-aUwB5rYw\" width=\"420\" height=\"315\" frameborder=\"0\" allowfullscreen=\"allowfullscreen\"><\/iframe><\/p>\n<\/div>\n<div id=\"watch-headline-title\">\n<p class=\"yt watch-title-container\" style=\"text-align: center;\"><iframe loading=\"lazy\" src=\"https:\/\/www.youtube.com\/embed\/NnX5yOst1Ws\" width=\"560\" height=\"315\" frameborder=\"0\" allowfullscreen=\"allowfullscreen\"><\/iframe><\/p>\n<\/div>\n<p style=\"text-align: center;\"><iframe loading=\"lazy\" src=\"https:\/\/www.youtube.com\/embed\/sh4kwKVdXO8\" width=\"560\" height=\"315\" frameborder=\"0\" allowfullscreen=\"allowfullscreen\"><\/iframe><\/p>\n<p style=\"text-align: center;\"><iframe loading=\"lazy\" src=\"https:\/\/www.youtube.com\/embed\/RCP4jdbqsGM\" width=\"420\" height=\"315\" frameborder=\"0\" allowfullscreen=\"allowfullscreen\"><\/iframe><\/p>\n<p style=\"text-align: center;\"><iframe loading=\"lazy\" src=\"https:\/\/player.vimeo.com\/video\/126595760\" width=\"500\" height=\"281\" frameborder=\"0\" allowfullscreen=\"allowfullscreen\"><\/iframe><\/p>\n<p style=\"text-align: center;\"><iframe loading=\"lazy\" src=\"https:\/\/player.vimeo.com\/video\/120792115?byline=0&amp;portrait=0\" width=\"500\" height=\"281\" frameborder=\"0\" allowfullscreen=\"allowfullscreen\"><\/iframe><\/p>\n<h3 style=\"text-align: center;\">M\u00e1s Entrevistas &#8211; More Interviews<\/h3>\n<ul>\n<li>\n<h5 class=\"post-title entry-title\"><a href=\"http:\/\/www.resacacultural.com\/2015\/10\/jonas-trueba-la-literatura-es-una.html\" target=\"_blank\" rel=\"noopener noreferrer\">Jon\u00e1s Trueba: \u00bbLa\u00a0literatura\u00a0es una fuente de inspiraci\u00f3n m\u00e1s grande que el cine\u00bb<\/a> por Alberto Ram\u00f3n Albertus<\/h5>\n<\/li>\n<li>\n<h5><a href=\"http:\/\/www.videodromo.es\/entrevista-profesionales-de-cine\/jonas-trueba-que-pasa-si-vas-con-una-sola-copia-de-sala-en-sala\/28738\" target=\"_blank\" rel=\"noopener noreferrer\">Jon\u00e1s Trueba: \u00abQu\u00e9 pasa si vas con una sola copia de sala en sala\u00bb<\/a>\u00a0por Tom\u00e1s Benito<\/h5>\n<\/li>\n<li>\n<h5><a href=\"http:\/\/miradas.net\/2010\/12\/actualidad\/entrevista-jonas-trueba.html\" target=\"_blank\" rel=\"noopener noreferrer\">Jon\u00e1s Trueba: \u201cEl cine es un ejercicio de melancol\u00eda casi perfecto\u201d<\/a>\u00a0por Josefa Paredes (diciembre 2010)<\/h5>\n<\/li>\n<li>\n<h5><a href=\"http:\/\/www.ideal.es\/granada\/ocio\/jonas-trueba-director-todos-201012091041.html\" target=\"_blank\" rel=\"noopener noreferrer\">Jon\u00e1s Trueba: \u00abTodos andamos perdidos en cuestiones de amor\u00bb<\/a>\u00a0por Roberto Gonz\u00e1lez (09\/12\/2010)<\/h5>\n<\/li>\n<li>\n<h5><a href=\"http:\/\/www.culturamas.es\/blog\/2011\/02\/02\/luis-munoz-diez-habla-con-jonas-trueba-de-como-le-gusta-ver-a-el-las-peliculas\/\" target=\"_blank\" rel=\"noopener noreferrer\">Luis Mu\u00f1oz D\u00edez habla con Jon\u00e1s Trueba de c\u00f3mo le gusta ver a \u00e9l las pel\u00edculas<\/a>\u00a0(02\/02\/2011)<\/h5>\n<\/li>\n<li>\n<h5><a href=\"http:\/\/blogs.elnortedecastilla.es\/veronicamellado\/jonas-trueba-el-arte-me-parece-el-mejor-modo-decombatir-la-estupidez-y-la-indiferencia\/\" target=\"_blank\" rel=\"noopener noreferrer\">Jon\u00e1s Trueba: \u00abEl arte me parece el mejor modo de combatir la estupidez y la indiferencia\u00bb<\/a>\u00a0por Ver\u00f3nica Mellado (26\/10\/2011)<\/h5>\n<\/li>\n<li>\n<h5><a href=\"http:\/\/extracine.com\/2013\/04\/entrevista-a-jonas-trueba\" target=\"_blank\" rel=\"noopener noreferrer\">Jonas Trueba: \u201cEn este pa\u00eds, hacer una pel\u00edcula con un joven leyendo un libro parece casi subversivo\u201d<\/a> por Rafael Vidal Sanz\u00a0(11\/04\/2013)<\/h5>\n<\/li>\n<li>\n<h5><a href=\"http:\/\/elasombrario.com\/jonas-trueba-si-quieres-hacer-cine-no-dejas-de-hacerlo-porque-haya-una-crisis\/\" target=\"_blank\" rel=\"noopener noreferrer\">Jon\u00e1s Trueba: \u201cSi quieres hacer cine, no dejas de hacerlo porque haya una crisis\u201d<\/a> por Maluca Mart\u00edn\u00a0(15\/04\/2013)<\/h5>\n<\/li>\n<li>\n<h5><a href=\"http:\/\/www.marienbad.com.ar\/entrevista\/jonas-trueba\" target=\"_blank\" rel=\"noopener noreferrer\">Dialogamos con el realizador de\u00a0<em>Los ilusos<\/em><\/a>\u00a0por Sebasti\u00e1n Santill\u00e1n (21\/04\/2013)<\/h5>\n<\/li>\n<li>\n<h5><a href=\"http:\/\/cinentransit.com\/entrevista-a-jonas-trueba\/\" target=\"_blank\" rel=\"noopener noreferrer\">Entrevista a Jon\u00e1s Trueba:\u00a0\u201cCuando hablamos sobre c\u00f3mo hacer cine, tambi\u00e9n estamos haci\u00e9ndolo<\/a>\u201d\u00a0por Covadonga G. Lahera (25\/05\/2013)<\/h5>\n<\/li>\n<li>\n<h5><a href=\"http:\/\/www.elcultural.com\/revista\/cine\/Jonas-Trueba-Prefiero-dar-la-batalla-a-entrar-en-el-sistema\/36291\" target=\"_blank\" rel=\"noopener noreferrer\">Jon\u00e1s Trueba: \u00abPrefiero dar la batalla a entrar en el sistema\u00bb<\/a>\u00a0por Carlos Reviriego\u00a0(17\/04\/2015)<\/h5>\n<\/li>\n<li>\n<h5><a href=\"http:\/\/www.antena3.com\/se-estrena\/especiales\/festival-malaga-2015\/entrevistas\/jonas-trueba-exiliados-romanticos-pellicula-que-tenga-argumento-sino-fragmentos-vida_2015042500077.html\" target=\"_blank\" rel=\"noopener noreferrer\">Presentaci\u00f3n de \u00ablos exiliados rom\u00e1nticos,\u00bb lo nuevo de Jon\u00e1s Trueba<\/a>\u00a0por\u00a0Blanca Aguado y Enrique Orcajo (25\/04\/2015)<\/h5>\n<\/li>\n<li>\n<h5><a href=\"http:\/\/www.vavel.com\/es\/cine\/481915-entrevista-jonas-trueba-esta-pelicula-habla-de-sorprenderse-a-uno-mismo.html\" target=\"_blank\" rel=\"noopener noreferrer\">Jon\u00e1s Trueba: \u00abEsta pel\u00edcula habla de sorprenderse a uno mismo\u00bb<\/a>\u00a0por Carlos Mart\u00ednez Moral (27\/04\/2015)<\/h5>\n<\/li>\n<li>\n<h5 class=\"header555\"><a href=\"http:\/\/www.elseptimoarte.net\/-los-exiliados-romanticos--charlamos-con-jonas-trueba-24847.html\" target=\"_blank\" rel=\"noopener noreferrer\">&#8216;Los exiliados rom\u00e1nticos&#8217;, charlamos con Jon\u00e1s Trueba<\/a>\u00a0(02\/09\/2015)<\/h5>\n<\/li>\n<li>\n<h5><a href=\"https:\/\/www.caimanediciones.es\/entrevista-jonas-trueba-version-ampliada-de-caiman-cdc-no-41\/\" target=\"_blank\" rel=\"noopener noreferrer\">Entrevista Jon\u00e1s Trueba (versi\u00f3n ampliada de Caim\u00e1n CdC n\u00ba 41).\u00a0Cuento de verano.<\/a> por\u00a0Enric Albero.(07\/09\/2015)<\/h5>\n<\/li>\n<li>\n<h5><a href=\"http:\/\/www.eldiario.es\/cultura\/cine\/los-exiliados-romanticos-jonas-trueba_0_428708079.html\" target=\"_blank\" rel=\"noopener noreferrer\">Jon\u00e1s Trueba:\u00a0\u00abTengo la sensaci\u00f3n de que el g\u00e9nero masculino est\u00e1 en decadencia absoluta\u00bb<\/a> por\u00a0Edu Gal\u00e1n\u00a0(09\/09\/2015)<\/h5>\n<\/li>\n<li>\n<h5><a href=\"http:\/\/www.rtve.es\/alacarta\/audios\/el-septimo-vicio\/septimo-vicio-jonas-trueba-desde-exilio-romantico-16-09-15\/3286865\/\" target=\"_blank\" rel=\"noopener noreferrer\">Radio entrevista:\u00a0El s\u00e9ptimo vicio &#8211; Jon\u00e1s Trueba, desde el exilio rom\u00e1ntico<\/a> (16\/09\/15)<\/h5>\n<\/li>\n<li>\n<h5 class=\"entry-title\"><a href=\"http:\/\/farrucini.es\/entrevista-jonas-trueba-director-los-exiliados-romanticos\/\" target=\"_blank\" rel=\"noopener noreferrer\">Entrevista a Jon\u00e1s Trueba, director de \u2018Los exiliados rom\u00e1nticos\u2019<\/a>\u00a0por\u00a0Alexandra H. Gail\u00a0(17\/09\/2015)<\/h5>\n<\/li>\n<li>\n<h5><a href=\"http:\/\/www.canaltcm.com\/2015\/09\/18\/el-cine-de-su-vida-jonas-trueba\/\" target=\"_blank\" rel=\"noopener noreferrer\">Radio entrevista: &#8216;El cine de su vida&#8217;: Jon\u00e1s Trueba <\/a>(18\/09\/2015)<\/h5>\n<\/li>\n<\/ul>\n<p style=\"text-align: right;\"><a href=\"https:\/\/21stcenturyartivism.sites.carleton.edu\/en\/audiovisual-creation\/jonas-trueba\/\">\u2b05\ufe0e Back to Jon\u00e1s Trueba&#8217;s\u00a0Biography<\/a><\/p>","protected":false},"excerpt":{"rendered":"<p>M\u00e1s Entrevistas &#8211; More Interviews Jon\u00e1s Trueba: \u00bbLa\u00a0literatura\u00a0es una fuente de inspiraci\u00f3n m\u00e1s grande que el cine\u00bb por Alberto Ram\u00f3n Albertus Jon\u00e1s Trueba: \u00abQu\u00e9 pasa si vas con una sola copia de sala en sala\u00bb\u00a0por Tom\u00e1s Benito Jon\u00e1s Trueba: \u201cEl cine es un ejercicio de melancol\u00eda casi perfecto\u201d\u00a0por Josefa Paredes (diciembre 2010) Jon\u00e1s Trueba: \u00abTodos [&hellip;]<\/p>","protected":false},"author":1,"featured_media":0,"parent":0,"menu_order":0,"comment_status":"closed","ping_status":"open","template":"","meta":{"site-container-style":"default","site-container-layout":"default","site-sidebar-layout":"default","disable-article-header":"default","disable-site-header":"default","disable-site-footer":"default","disable-content-area-spacing":"default"},"acf":[],"_links":{"self":[{"href":"https:\/\/21stcenturyartivism.sites.carleton.edu\/en\/wp-json\/wp\/v2\/pages\/1875"}],"collection":[{"href":"https:\/\/21stcenturyartivism.sites.carleton.edu\/en\/wp-json\/wp\/v2\/pages"}],"about":[{"href":"https:\/\/21stcenturyartivism.sites.carleton.edu\/en\/wp-json\/wp\/v2\/types\/page"}],"author":[{"embeddable":true,"href":"https:\/\/21stcenturyartivism.sites.carleton.edu\/en\/wp-json\/wp\/v2\/users\/1"}],"replies":[{"embeddable":true,"href":"https:\/\/21stcenturyartivism.sites.carleton.edu\/en\/wp-json\/wp\/v2\/comments?post=1875"}],"version-history":[{"count":1,"href":"https:\/\/21stcenturyartivism.sites.carleton.edu\/en\/wp-json\/wp\/v2\/pages\/1875\/revisions"}],"predecessor-version":[{"id":8970,"href":"https:\/\/21stcenturyartivism.sites.carleton.edu\/en\/wp-json\/wp\/v2\/pages\/1875\/revisions\/8970"}],"wp:attachment":[{"href":"https:\/\/21stcenturyartivism.sites.carleton.edu\/en\/wp-json\/wp\/v2\/media?parent=1875"}],"curies":[{"name":"wp","href":"https:\/\/api.w.org\/{rel}","templated":true}]}}