{"id":1943,"date":"2015-07-07T09:38:10","date_gmt":"2015-07-07T14:38:10","guid":{"rendered":"https:\/\/21stcenturyartivism.sites.carleton.edu\/?page_id=1943"},"modified":"2023-03-15T18:05:38","modified_gmt":"2023-03-15T18:05:38","slug":"ricardo-menendez-salmon-interviews","status":"publish","type":"page","link":"https:\/\/21stcenturyartivism.sites.carleton.edu\/en\/ricardo-menendez-salmon-interviews\/","title":{"rendered":"Ricardo Men\u00e9ndez Salm\u00f3n &#8211; Interviews"},"content":{"rendered":"<p style=\"text-align: center;\"><iframe loading=\"lazy\" src=\"https:\/\/www.youtube.com\/embed\/fUz-kJshzHw\" width=\"420\" height=\"315\" frameborder=\"0\" allowfullscreen=\"allowfullscreen\"><\/iframe><\/p>\n<div id=\"watch-headline-title\" style=\"text-align: center;\"><iframe loading=\"lazy\" src=\"https:\/\/www.youtube.com\/embed\/rDwN_h3pTjs\" width=\"420\" height=\"315\" frameborder=\"0\" allowfullscreen=\"allowfullscreen\"><\/iframe><\/div>\n<p class=\"yt watch-title-container\" style=\"text-align: center;\"><iframe loading=\"lazy\" src=\"https:\/\/www.youtube.com\/embed\/aGfLP1drNsM\" width=\"420\" height=\"315\" frameborder=\"0\" allowfullscreen=\"allowfullscreen\"><\/iframe><\/p>\n<h5 style=\"text-align: center;\"><iframe loading=\"lazy\" src=\"https:\/\/www.youtube.com\/embed\/cHxl_QBLWXY\" width=\"560\" height=\"315\" frameborder=\"0\" allowfullscreen=\"allowfullscreen\"><\/iframe><\/h5>\n<p class=\"yt watch-title-container\" style=\"text-align: center;\"><iframe loading=\"lazy\" src=\"https:\/\/www.youtube.com\/embed\/jiDwf6G240I\" width=\"560\" height=\"315\" frameborder=\"0\" allowfullscreen=\"allowfullscreen\"><\/iframe><\/p>\n<p style=\"text-align: center;\"><iframe loading=\"lazy\" src=\"https:\/\/www.youtube.com\/embed\/bXt9fjwj--Q\" width=\"420\" height=\"315\" frameborder=\"0\" allowfullscreen=\"allowfullscreen\"><\/iframe><\/p>\n<h3 style=\"text-align: center;\">M\u00e1s Entrevistas &#8211; More Interviews<\/h3>\n<ul style=\"text-align: center;\">\n<li class=\"yt watch-title-container\">\n<h5 style=\"text-align: left;\"><a href=\"http:\/\/www.rtve.es\/alacarta\/audios\/la-estacion-azul\/estacion-azul-ricardo-menendez-salmon-01-03-14\/2418520\/\" target=\"_blank\" rel=\"noopener noreferrer\">Radio entervista:\u00a0La estaci\u00f3n azul &#8211; Ricardo Men\u00e9ndez Salm\u00f3n &#8211; 01\/03\/14<\/a><\/h5>\n<\/li>\n<li class=\"yt watch-title-container\" style=\"text-align: left;\">\n<h5><a href=\"http:\/\/www.biblioasturias.com\/ricardo-menendez-salmon-nuestra-gran-baza\/\" target=\"_blank\" rel=\"noopener noreferrer\">Ricardo Men\u00e9ndez Salm\u00f3n: Nuestra gran baza<\/a><\/h5>\n<\/li>\n<li class=\"yt watch-title-container\" style=\"text-align: left;\">\n<h5>\u00ab<a href=\"http:\/\/www.literaturas.com\/v010\/sec0807\/entrevistas\/entrevistas-03.html\" target=\"_blank\" rel=\"noopener noreferrer\">El horror se ha disuelto en lo cotidiano de la cultura de la n\u00e1usea y del exceso<\/a>\u00bb por Jordi Corominas<\/h5>\n<\/li>\n<li class=\"yt watch-title-container\" style=\"text-align: left;\">\n<h5><a href=\"http:\/\/www.llegirencasdincendi.es\/2011\/06\/entrevista-con-ricardo-menendez-salmon-autor-de-la-luz-es-mas-antigua-que-el-amor\/\" target=\"_blank\" rel=\"noopener noreferrer\">Entrevista con Ricardo Men\u00e9ndez Salm\u00f3n, autor de\u00a0<em>La luz es m\u00e1s antigua que el amor<\/em><\/a>\u00a0por Manel Haro<\/h5>\n<\/li>\n<li class=\"yt watch-title-container\" style=\"text-align: left;\">\n<h5><a href=\"http:\/\/vicenteluismora.blogspot.com\/2009\/04\/entrevista-ricardo-menendez-salmon.html\" target=\"_blank\" rel=\"noopener noreferrer\">Entrevista a Ricardo Men\u00e9ndez Salm\u00f3n sobre\u00a0<em>El corrector<\/em><\/a>\u00a0por Vicente Luis Mora (abril 2009)<\/h5>\n<\/li>\n<li class=\"yt watch-title-container\" style=\"text-align: left;\">\n<h5><a href=\"http:\/\/www.lavanguardia.com\/cultura\/20121002\/54352160908\/ricardo-menendez-medusa.html\" target=\"_blank\" rel=\"noopener noreferrer\">Entrevista a Ricardo Men\u00e9ndez Salm\u00f3n, que publica &#8216;Medusa&#8217;<\/a>\u00a0por Xavi Ay\u00e9n (octubre 2012)<\/h5>\n<\/li>\n<li class=\"yt watch-title-container\" style=\"text-align: left;\">\n<h5><a href=\"http:\/\/www.culturamas.es\/blog\/2012\/12\/21\/entrevista-a-ricardo-menendez-salmon-por-medusa\/\" target=\"_blank\" rel=\"noopener noreferrer\">Entrevista por Benito Garrido<\/a><b>\u00a0<\/b>(diciembre 2012)<\/h5>\n<\/li>\n<li class=\"yt watch-title-container\" style=\"text-align: left;\">\n<h5><a href=\"http:\/\/danielheredia.com\/ricardo-menendez-salmon-leer-nos-cura-de-nuestros-prejuicios-y-nos-protege-de-la-estupidez-del-mundo\/\" target=\"_blank\" rel=\"noopener noreferrer\">Ricardo Men\u00e9ndez Salm\u00f3n: \u201cLeer nos cura de nuestros prejuicios y nos protege de la estupidez del mundo\u201d<\/a>\u00a0por Daniel Heredia (diciembre 2013)<\/h5>\n<\/li>\n<li class=\"yt watch-title-container\" style=\"text-align: left;\">\n<h5><a href=\"http:\/\/www.abc.es\/cultura\/cultural\/20140127\/abci-cultural-m124-libros-entrevista-201401271057.html\" target=\"_blank\" rel=\"noopener noreferrer\">Sobre <\/a><em><a href=\"http:\/\/www.abc.es\/cultura\/cultural\/20140127\/abci-cultural-m124-libros-entrevista-201401271057.html\" target=\"_blank\" rel=\"noopener noreferrer\">Ni\u00f1os en el tiempo<\/a>\u00a0<\/em>por Antonio Fontana (enero 2014)<\/h5>\n<\/li>\n<li class=\"yt watch-title-container\" style=\"text-align: left;\">\n<h5><a href=\"http:\/\/www.elperiodico.com\/es\/noticias\/ocio-y-cultura\/ricardo-menendez-salmon-literatura-puede-cauterizar-dolor-3031550\" target=\"_blank\" rel=\"noopener noreferrer\">Ricardo Men\u00e9ndez Salm\u00f3n: \u00abLa literatura puede cauterizar el dolor\u00bb<\/a>\u00a0por Elena Hevia (enero 2014)<\/h5>\n<\/li>\n<li class=\"yt watch-title-container\" style=\"text-align: left;\">\n<h5><a href=\"http:\/\/www.elconfidencial.com\/cultura\/2014-01-14\/si-me-pagaran-30-000-euros-por-escribir-la-biografia-de-messi-la-haria_75803\/\" target=\"_blank\" rel=\"noopener noreferrer\">Sobre\u00a0<em>Ni\u00f1os en el tiempo<\/em><\/a>\u00a0por Peio H. Ria\u00f1o\u00a0(enero 2014)<\/h5>\n<\/li>\n<li class=\"yt watch-title-container\" style=\"text-align: left;\">\n<h5>\u00a0<a href=\"http:\/\/www.estandarte.com\/noticias\/autores\/entrevista-a-ricardo-menendez-salmon_2442.html\" target=\"_blank\" rel=\"noopener noreferrer\">Entrevista a Ricardo Men\u00e9ndez Salm\u00f3n por\u00a0<\/a><em><a href=\"http:\/\/www.estandarte.com\/noticias\/autores\/entrevista-a-ricardo-menendez-salmon_2442.html\" target=\"_blank\" rel=\"noopener noreferrer\">Ni\u00f1os en el tiempo<\/a>\u00a0<\/em>por Emilio Ruiz Mateo\u00a0(abril 2014)<strong><em>\u00a0<\/em><\/strong><\/h5>\n<\/li>\n<li class=\"yt watch-title-container\" style=\"text-align: left;\">\n<h5><a href=\"http:\/\/www.todoliteratura.es\/noticia\/697\/entrevistas\/entrevista-a-ricardo-menendez-salmon-autor-de-ninos-en-el-tiempo.html\" target=\"_blank\" rel=\"noopener noreferrer\">Sobre <em>Ni\u00f1os en el tiempo<\/em><\/a> (octubre 2014)<\/h5>\n<\/li>\n<li class=\"yt watch-title-container\">\n<h5 style=\"text-align: left;\"><a href=\"http:\/\/www.espanol.rfi.fr\/cultura\/20150514-ricardo-menendez-salmon-analisis-entomologico-del-mal\" target=\"_blank\" rel=\"noopener noreferrer\">Ricardo Men\u00e9ndez Salm\u00f3n, an\u00e1lisis entomol\u00f3gico del mal<\/a> por Jordi Batall\u00e9\u00a0(mayo 2015)<\/h5>\n<\/li>\n<\/ul>\n<p style=\"text-align: right;\"><a href=\"https:\/\/21stcenturyartivism.sites.carleton.edu\/en\/fictional-works\/ricardo-menendez-salmon\/\">\u2b05\ufe0e Back to\u00a0Ricardo Men\u00e9ndez Salm\u00f3n&#8217;s Biography<\/a><\/p>","protected":false},"excerpt":{"rendered":"<p>M\u00e1s Entrevistas &#8211; More Interviews Radio entervista:\u00a0La estaci\u00f3n azul &#8211; Ricardo Men\u00e9ndez Salm\u00f3n &#8211; 01\/03\/14 Ricardo Men\u00e9ndez Salm\u00f3n: Nuestra gran baza \u00abEl horror se ha disuelto en lo cotidiano de la cultura de la n\u00e1usea y del exceso\u00bb por Jordi Corominas Entrevista con Ricardo Men\u00e9ndez Salm\u00f3n, autor de\u00a0La luz es m\u00e1s antigua que el amor\u00a0por [&hellip;]<\/p>","protected":false},"author":1,"featured_media":0,"parent":0,"menu_order":0,"comment_status":"closed","ping_status":"open","template":"","meta":{"site-container-style":"default","site-container-layout":"default","site-sidebar-layout":"default","disable-article-header":"default","disable-site-header":"default","disable-site-footer":"default","disable-content-area-spacing":"default"},"acf":[],"_links":{"self":[{"href":"https:\/\/21stcenturyartivism.sites.carleton.edu\/en\/wp-json\/wp\/v2\/pages\/1943"}],"collection":[{"href":"https:\/\/21stcenturyartivism.sites.carleton.edu\/en\/wp-json\/wp\/v2\/pages"}],"about":[{"href":"https:\/\/21stcenturyartivism.sites.carleton.edu\/en\/wp-json\/wp\/v2\/types\/page"}],"author":[{"embeddable":true,"href":"https:\/\/21stcenturyartivism.sites.carleton.edu\/en\/wp-json\/wp\/v2\/users\/1"}],"replies":[{"embeddable":true,"href":"https:\/\/21stcenturyartivism.sites.carleton.edu\/en\/wp-json\/wp\/v2\/comments?post=1943"}],"version-history":[{"count":1,"href":"https:\/\/21stcenturyartivism.sites.carleton.edu\/en\/wp-json\/wp\/v2\/pages\/1943\/revisions"}],"predecessor-version":[{"id":9141,"href":"https:\/\/21stcenturyartivism.sites.carleton.edu\/en\/wp-json\/wp\/v2\/pages\/1943\/revisions\/9141"}],"wp:attachment":[{"href":"https:\/\/21stcenturyartivism.sites.carleton.edu\/en\/wp-json\/wp\/v2\/media?parent=1943"}],"curies":[{"name":"wp","href":"https:\/\/api.w.org\/{rel}","templated":true}]}}