{"id":2378,"date":"2015-07-10T08:54:51","date_gmt":"2015-07-10T13:54:51","guid":{"rendered":"https:\/\/21stcenturyartivism.sites.carleton.edu\/?page_id=2378"},"modified":"2023-03-15T18:05:38","modified_gmt":"2023-03-15T18:05:38","slug":"skolastika-interviews","status":"publish","type":"page","link":"https:\/\/21stcenturyartivism.sites.carleton.edu\/en\/skolastika-interviews\/","title":{"rendered":"Skolastika &#8211; Interviews"},"content":{"rendered":"<ul>\n<li><a href=\"http:\/\/www.tercerainformacion.es\/spip.php?article19116\" target=\"_blank\" rel=\"noopener noreferrer\">Entrevista con Josune Mu\u00f1oz, de Skolastika, una escuela de literatura femenina y feminista, sobre los obst\u00e1culos machistas a los que hist\u00f3ricamente han hecho frente las escritoras<\/a> por Aida Pereda (13\/10\/2010)<\/li>\n<li style=\"text-align: left;\"><a href=\"http:\/\/emakunde.blog.euskadi.net\/2015\/01\/josune-munoz-el-prejuicio-hacia-la-literatura-escrita-por-mujeres-se-mantiene\/\" target=\"_blank\" rel=\"noopener noreferrer\">Josune Mu\u00f1oz: \u201cEl prejuicio hacia la literatura escrita por mujeres se mantiene\u201d<\/a> (28\/01\/2015)<\/li>\n<\/ul>\n<p style=\"text-align: right;\">\u00a0<a href=\"https:\/\/21stcenturyartivism.sites.carleton.edu\/en\/colectivos\/skolastica\/\">\u2b05\ufe0e Back to Skolastika&#8217;s Biography<\/a><\/p>\n<p class=\"page-title\" style=\"text-align: center;\">","protected":false},"excerpt":{"rendered":"<p>Entrevista con Josune Mu\u00f1oz, de Skolastika, una escuela de literatura femenina y feminista, sobre los obst\u00e1culos machistas a los que hist\u00f3ricamente han hecho frente las escritoras por Aida Pereda (13\/10\/2010) Josune Mu\u00f1oz: \u201cEl prejuicio hacia la literatura escrita por mujeres se mantiene\u201d (28\/01\/2015) \u00a0\u2b05\ufe0e Back to Skolastika&#8217;s Biography<\/p>","protected":false},"author":1,"featured_media":0,"parent":0,"menu_order":0,"comment_status":"closed","ping_status":"open","template":"","meta":{"site-container-style":"default","site-container-layout":"default","site-sidebar-layout":"default","disable-article-header":"default","disable-site-header":"default","disable-site-footer":"default","disable-content-area-spacing":"default"},"acf":[],"_links":{"self":[{"href":"https:\/\/21stcenturyartivism.sites.carleton.edu\/en\/wp-json\/wp\/v2\/pages\/2378"}],"collection":[{"href":"https:\/\/21stcenturyartivism.sites.carleton.edu\/en\/wp-json\/wp\/v2\/pages"}],"about":[{"href":"https:\/\/21stcenturyartivism.sites.carleton.edu\/en\/wp-json\/wp\/v2\/types\/page"}],"author":[{"embeddable":true,"href":"https:\/\/21stcenturyartivism.sites.carleton.edu\/en\/wp-json\/wp\/v2\/users\/1"}],"replies":[{"embeddable":true,"href":"https:\/\/21stcenturyartivism.sites.carleton.edu\/en\/wp-json\/wp\/v2\/comments?post=2378"}],"version-history":[{"count":1,"href":"https:\/\/21stcenturyartivism.sites.carleton.edu\/en\/wp-json\/wp\/v2\/pages\/2378\/revisions"}],"predecessor-version":[{"id":9180,"href":"https:\/\/21stcenturyartivism.sites.carleton.edu\/en\/wp-json\/wp\/v2\/pages\/2378\/revisions\/9180"}],"wp:attachment":[{"href":"https:\/\/21stcenturyartivism.sites.carleton.edu\/en\/wp-json\/wp\/v2\/media?parent=2378"}],"curies":[{"name":"wp","href":"https:\/\/api.w.org\/{rel}","templated":true}]}}