{"id":2733,"date":"2015-07-30T12:40:59","date_gmt":"2015-07-30T17:40:59","guid":{"rendered":"https:\/\/21stcenturyartivism.sites.carleton.edu\/?page_id=2733"},"modified":"2023-03-15T18:05:35","modified_gmt":"2023-03-15T18:05:35","slug":"german-sierra-original-works","status":"publish","type":"page","link":"https:\/\/21stcenturyartivism.sites.carleton.edu\/en\/german-sierra-original-works\/","title":{"rendered":"Germ\u00e1n Sierra &#8211; Original works"},"content":{"rendered":"<h3 style=\"text-align: center;\">Varios\u00a0trabajos se encuentran\u00a0<a href=\"http:\/\/usc-es.academia.edu\/GermanSierra\" target=\"_blank\" rel=\"noopener noreferrer\">aqu\u00ed<\/a>\u00a0&#8211;\u00a0Many\u00a0works collected <a href=\"http:\/\/usc-es.academia.edu\/GermanSierra\" target=\"_blank\" rel=\"noopener noreferrer\">here<\/a><\/h3>\n<h3 style=\"text-align: left;\">Art\u00edculos &#8211;\u00a0Articles<\/h3>\n<ul>\n<li style=\"text-align: left;\">\n<h5><a href=\"http:\/\/elasombrario.com\/el-escandalo\/\" target=\"_blank\" rel=\"noopener noreferrer\">El esc\u00e1ndalo<\/a><\/h5>\n<\/li>\n<li style=\"text-align: left;\">\n<h5><a href=\"http:\/\/revistacombate.com\/revista\/maquina-fantasma\/\" target=\"_blank\" rel=\"noopener noreferrer\">La m\u00e1quina en el fantasma: tres apuntes est\u00e9ticos para el s. XXI<\/a><\/h5>\n<\/li>\n<li style=\"text-align: left;\">\n<h5><a href=\"http:\/\/www.letraslibres.com\/autores\/german-sierra\" target=\"_blank\" rel=\"noopener noreferrer\">en Letras Libres<\/a><\/h5>\n<\/li>\n<li style=\"text-align: left;\">\n<h5><a href=\"http:\/\/www.barcelonareview.com\/45\/s_ls.htm\" target=\"_blank\" rel=\"noopener noreferrer\">Veinte a\u00f1os larvarios<\/a><\/h5>\n<\/li>\n<li style=\"text-align: left;\">\n<h5>Sierra, Germ\u00e1n. \u00abVillasanta desde Compostela.\u00bb\u00a0<i>Tabla redonda: Anuario de estudios torrentinos<\/i>\u00a02.(2004): 19-26.\u00a0<i>MLA International Bibliography<\/i>. Web. 1 Dec. 2015.<\/h5>\n<h5><\/h5>\n<\/li>\n<\/ul>\n<p style=\"text-align: right;\"><a href=\"https:\/\/21stcenturyartivism.sites.carleton.edu\/en\/fictional-works\/german-sierra\/\">\u2b05\ufe0e Back to Germ\u00e1n\u00a0Sierra&#8217;s Biography<\/a><\/p>","protected":false},"excerpt":{"rendered":"<p>Varios\u00a0trabajos se encuentran\u00a0aqu\u00ed\u00a0&#8211;\u00a0Many\u00a0works collected here Art\u00edculos &#8211;\u00a0Articles El esc\u00e1ndalo La m\u00e1quina en el fantasma: tres apuntes est\u00e9ticos para el s. XXI en Letras Libres Veinte a\u00f1os larvarios Sierra, Germ\u00e1n. \u00abVillasanta desde Compostela.\u00bb\u00a0Tabla redonda: Anuario de estudios torrentinos\u00a02.(2004): 19-26.\u00a0MLA International Bibliography. Web. 1 Dec. 2015. \u2b05\ufe0e Back to Germ\u00e1n\u00a0Sierra&#8217;s Biography<\/p>","protected":false},"author":1,"featured_media":0,"parent":0,"menu_order":0,"comment_status":"closed","ping_status":"open","template":"","meta":{"site-container-style":"default","site-container-layout":"default","site-sidebar-layout":"default","disable-article-header":"default","disable-site-header":"default","disable-site-footer":"default","disable-content-area-spacing":"default"},"acf":[],"_links":{"self":[{"href":"https:\/\/21stcenturyartivism.sites.carleton.edu\/en\/wp-json\/wp\/v2\/pages\/2733"}],"collection":[{"href":"https:\/\/21stcenturyartivism.sites.carleton.edu\/en\/wp-json\/wp\/v2\/pages"}],"about":[{"href":"https:\/\/21stcenturyartivism.sites.carleton.edu\/en\/wp-json\/wp\/v2\/types\/page"}],"author":[{"embeddable":true,"href":"https:\/\/21stcenturyartivism.sites.carleton.edu\/en\/wp-json\/wp\/v2\/users\/1"}],"replies":[{"embeddable":true,"href":"https:\/\/21stcenturyartivism.sites.carleton.edu\/en\/wp-json\/wp\/v2\/comments?post=2733"}],"version-history":[{"count":1,"href":"https:\/\/21stcenturyartivism.sites.carleton.edu\/en\/wp-json\/wp\/v2\/pages\/2733\/revisions"}],"predecessor-version":[{"id":8890,"href":"https:\/\/21stcenturyartivism.sites.carleton.edu\/en\/wp-json\/wp\/v2\/pages\/2733\/revisions\/8890"}],"wp:attachment":[{"href":"https:\/\/21stcenturyartivism.sites.carleton.edu\/en\/wp-json\/wp\/v2\/media?parent=2733"}],"curies":[{"name":"wp","href":"https:\/\/api.w.org\/{rel}","templated":true}]}}