{"id":2779,"date":"2015-08-11T14:34:02","date_gmt":"2015-08-11T19:34:02","guid":{"rendered":"https:\/\/21stcenturyartivism.sites.carleton.edu\/?page_id=2779"},"modified":"2023-03-15T18:05:35","modified_gmt":"2023-03-15T18:05:35","slug":"gervasio-sanchez-interviews","status":"publish","type":"page","link":"https:\/\/21stcenturyartivism.sites.carleton.edu\/en\/gervasio-sanchez-interviews\/","title":{"rendered":"Gervasio Sanchez &#8211; Interviews"},"content":{"rendered":"<p style=\"text-align: center;\"><iframe loading=\"lazy\" src=\"https:\/\/www.youtube.com\/embed\/_6zEypuaQ6A?rel=0\" width=\"560\" height=\"315\" frameborder=\"0\" allowfullscreen=\"allowfullscreen\"><\/iframe><\/p>\n<p style=\"text-align: center;\"><iframe loading=\"lazy\" src=\"https:\/\/www.youtube.com\/embed\/T82vzmErdBg\" width=\"560\" height=\"315\" frameborder=\"0\" allowfullscreen=\"allowfullscreen\"><\/iframe><\/p>\n<p style=\"text-align: center;\"><iframe loading=\"lazy\" src=\"https:\/\/player.vimeo.com\/video\/122191315\" width=\"500\" height=\"281\" frameborder=\"0\" allowfullscreen=\"allowfullscreen\"><\/iframe><\/p>\n<p style=\"text-align: center;\"><iframe loading=\"lazy\" src=\"https:\/\/www.youtube.com\/embed\/TiQd7QT-EE8?rel=0\" width=\"560\" height=\"315\" frameborder=\"0\" allowfullscreen=\"allowfullscreen\"><\/iframe><\/p>\n<p style=\"text-align: center;\"><iframe loading=\"lazy\" src=\"https:\/\/www.youtube.com\/embed\/jcUcO1MaXDE?rel=0\" width=\"560\" height=\"315\" frameborder=\"0\" allowfullscreen=\"allowfullscreen\"><\/iframe><\/p>\n<p class=\"yt watch-title-container\" style=\"text-align: center;\"><iframe loading=\"lazy\" src=\"https:\/\/www.youtube.com\/embed\/givzkDuHQaQ?rel=0\" width=\"560\" height=\"315\" frameborder=\"0\" allowfullscreen=\"allowfullscreen\"><\/iframe><\/p>\n<p class=\"yt watch-title-container\" style=\"text-align: center;\"><iframe loading=\"lazy\" src=\"https:\/\/www.youtube.com\/embed\/0rEOvYiz6XY?rel=0\" width=\"560\" height=\"315\" frameborder=\"0\" allowfullscreen=\"allowfullscreen\"><\/iframe><\/p>\n<p class=\"yt watch-title-container\" style=\"text-align: center;\"><iframe loading=\"lazy\" src=\"https:\/\/www.youtube.com\/embed\/wIl22-2_6LM?rel=0\" width=\"560\" height=\"315\" frameborder=\"0\" allowfullscreen=\"allowfullscreen\"><\/iframe><\/p>\n<p class=\"yt watch-title-container\" style=\"text-align: center;\"><iframe loading=\"lazy\" src=\"https:\/\/www.youtube.com\/embed\/2kXBPp9Vnu4?rel=0\" width=\"560\" height=\"315\" frameborder=\"0\" allowfullscreen=\"allowfullscreen\"><\/iframe><\/p>\n<p class=\"yt watch-title-container\" style=\"text-align: center;\"><iframe loading=\"lazy\" src=\"https:\/\/www.youtube.com\/embed\/OOOIuuL2qMU?rel=0\" width=\"560\" height=\"315\" frameborder=\"0\" allowfullscreen=\"allowfullscreen\"><\/iframe><\/p>\n<p class=\"yt watch-title-container\" style=\"text-align: center;\"><iframe loading=\"lazy\" src=\"https:\/\/www.youtube.com\/embed\/ZapfOZf5cZM?rel=0\" width=\"560\" height=\"315\" frameborder=\"0\" allowfullscreen=\"allowfullscreen\"><\/iframe><\/p>\n<p class=\"js-clip_title\" style=\"text-align: center;\"><iframe loading=\"lazy\" src=\"https:\/\/player.vimeo.com\/video\/17669330?color=8f790a&amp;title=0&amp;byline=0\" width=\"500\" height=\"375\" frameborder=\"0\" allowfullscreen=\"allowfullscreen\"><\/iframe><\/p>\n<p class=\"js-clip_title\" style=\"text-align: center;\"><iframe loading=\"lazy\" src=\"https:\/\/player.vimeo.com\/video\/27159522\" width=\"500\" height=\"369\" frameborder=\"0\" allowfullscreen=\"allowfullscreen\"><\/iframe><\/p>\n<p class=\"js-clip_title\" style=\"text-align: center;\"><iframe loading=\"lazy\" src=\"https:\/\/www.youtube.com\/embed\/PjKOASeW0Xk?rel=0\" width=\"420\" height=\"315\" frameborder=\"0\" allowfullscreen=\"allowfullscreen\"><\/iframe><\/p>\n<p class=\"js-clip_title\" style=\"text-align: center;\"><iframe loading=\"lazy\" src=\"https:\/\/www.youtube.com\/embed\/HIRgzRIM4EA?rel=0\" width=\"560\" height=\"315\" frameborder=\"0\" allowfullscreen=\"allowfullscreen\"><\/iframe><\/p>\n<p class=\"js-clip_title\" style=\"text-align: center;\"><strong><iframe loading=\"lazy\" src=\"\/\/www.dailymotion.com\/embed\/video\/x2z1rlr\" width=\"480\" height=\"270\" frameborder=\"0\" allowfullscreen=\"allowfullscreen\"><\/iframe><\/strong><br \/>\n<i><\/i><\/p>\n<h5 class=\"headline headline-regular\" style=\"text-align: center;\">Gervasio S\u00e1nchez: \u00abHay que esperar noticias confirmadas para no poner en peligro la vida de los periodistas\u00bb<\/h5>\n<p class=\"js-clip_title\" style=\"text-align: center;\"><iframe loading=\"lazy\" src=\"http:\/\/www.telecinco.es\/video\/video-embed.html?contentId=MDSVID20150722_0008&amp;width=300&amp;height=169&amp;showTitle=1&amp;showSummary=1\" width=\"300\" height=\"169\" frameborder=\"0\"><\/iframe><\/p>\n<h3 class=\"js-clip_title\" style=\"text-align: center;\">M\u00e1s Entrevistas &#8211; More Interviews<\/h3>\n<ul>\n<li>\n<h5><a href=\"http:\/\/www.revistaojosrojos.com\/gervasio-sanchez\/\" target=\"_blank\" rel=\"noopener noreferrer\">Entrevista en\u00a0<em>Ojos Rojos<\/em>\u00a0&#8211; revista de fotograf\u00eda<\/a><\/h5>\n<\/li>\n<li>\n<h5><a href=\"http:\/\/periodismohumano.com\/temas\/gervasio-sanchez\" target=\"_blank\" rel=\"noopener noreferrer\">en periodismohumano.com<\/a><\/h5>\n<\/li>\n<li>\n<h5><a href=\"http:\/\/cadenaser.com\/tag\/gervasio_sanchez\/a\/\" target=\"_blank\" rel=\"noopener noreferrer\">tres entrevistas en la Cadena Ser<\/a><\/h5>\n<\/li>\n<li>\n<h5><a href=\"http:\/\/conversacionescon.es\/gervasio-sanchez-en-una-guerra-el-periodista-puede-ser-un-agresor-mas\/\" target=\"_blank\" rel=\"noopener noreferrer\">Gervasio S\u00e1nchez: \u201cEn la guerra, el periodista no puede ser un agresor m\u00e1s\u201d<\/a>\u00a0por\u00a0Carmen Garc\u00eda Herrer\u00eda<\/h5>\n<\/li>\n<li>\n<h5><a href=\"http:\/\/www.jotdown.es\/2012\/06\/gervasio-sanchez-estamos-saturados-de-mala-informacion\/\" target=\"_blank\" rel=\"noopener noreferrer\">Gervasio S\u00e1nchez: \u201cEstamos saturados de mala informaci\u00f3n\u201d<\/a>\u00a0por\u00a0Yolanda G\u00e1ndara<\/h5>\n<\/li>\n<li>\n<h5><a href=\"http:\/\/www.aragonradio.es\/podcast\/emision\/gervasio-sanchez-premio-nacional-de-fotografia\" target=\"_blank\" rel=\"noopener noreferrer\">en\u00a0<em>Arag\u00f3n Radio<\/em><\/a>\u00a0(12\/11\/2009)<\/h5>\n<\/li>\n<li>\n<h5><a href=\"http:\/\/www.unav.es\/nuestrotiempo\/es\/temas\/gervasio-sanchez-los-grandes-trabajos-fotograficos-son-fruto-de-muchas-lagrimas-mucho-dolor-y-mucho-esfuerzo\" target=\"_blank\" rel=\"noopener noreferrer\">Gervasio S\u00e1nchez: \u201cLos grandes trabajos fotogr\u00e1ficos son fruto de muchas l\u00e1grimas, mucho dolor y mucho esfuerzo\u201d<\/a>\u00a0(enero\/febrero 2010)<\/h5>\n<\/li>\n<li>\n<h5><a href=\"http:\/\/www.aragonradio.es\/podcast\/emision\/entrevista-al-fotoperiodista-gervasio-sanchez\/\" target=\"_blank\" rel=\"noopener noreferrer\">en\u00a0<\/a><em><a href=\"http:\/\/www.aragonradio.es\/podcast\/emision\/entrevista-al-fotoperiodista-gervasio-sanchez\/\" target=\"_blank\" rel=\"noopener noreferrer\">Arag\u00f3n Radio<\/a>\u00a0<\/em>(21\/10\/2011)<\/h5>\n<\/li>\n<li>\n<h5><a href=\"http:\/\/www.20minutos.es\/noticia\/2155787\/0\/entrevista-gervasio-sanchez\/premio-bartolome-ros\/photoespana\/\" target=\"_blank\" rel=\"noopener noreferrer\">Gervasio S\u00e1nchez: \u00abSi hiciera periodismo local, ya me habr\u00edan cortado la cabeza\u00bb<\/a>\u00a0por Paula Arenas Mart\u00edn-Abril\u00a0(02\/06\/2014)<\/h5>\n<\/li>\n<li>\n<h5><a href=\"http:\/\/www.traveler.es\/viajes\/mundo-traveler\/articulos\/entrevista-a-gervasio-sanchez\/5495\" target=\"_blank\" rel=\"noopener noreferrer\">Gervasio S\u00e1nchez: Mi vida ha transcurrido por las carreteras secundarios del periodismo\u00bb<\/a>\u00a0por Mar\u00eda Crespo (05\/06\/2014)<\/h5>\n<\/li>\n<li>\n<h5><a href=\"http:\/\/www.carnecruda.es\/2014\/10\/15\/las-guerras-intimas-del-periodista-de-conflictos\/\" target=\"_blank\" rel=\"noopener noreferrer\">Las guerras \u00edntimas del periodista de conflictos<\/a>\u00a0por\u00a0Carlos P\u00e9rez Cruz\u00a0(15\/10\/2014)<\/h5>\n<\/li>\n<li>\n<h5><a href=\"http:\/\/miquelpellicer.com\/2014\/10\/fotoreporteros-de-guerra-gervasio_sanchez\/\" target=\"_blank\" rel=\"noopener noreferrer\">Gervasio S\u00e1nchez: \u201cSoy un periodista extremadamente cr\u00edtico con mi profesi\u00f3n\u201d<\/a>\u00a0por\u00a0Carles Vila Rovira\u00a0(20\/10\/2014)<\/h5>\n<\/li>\n<li>\n<h5><a href=\"http:\/\/cadenaser.com\/programa\/2014\/11\/02\/a_vivir_que_son_dos_dias\/1414925548_346769.html\" target=\"_blank\" rel=\"noopener noreferrer\">Entrevista por radio en\u00a0<em>El oficio de contar<\/em><\/a>\u00a0por\u00a0Antonio Vico Martinez (02\/11\/2014)<\/h5>\n<\/li>\n<li>\n<h5><a href=\"http:\/\/www.elcultural.com\/noticias\/buenos-dias\/Gervasio-Sanchez\/7074\" target=\"_blank\" rel=\"noopener noreferrer\">Gervasio S\u00e1nchez:\u00a0\u00abHay que sancionar seriamente a Israel\u00bb<\/a>\u00a0por Fernando D\u00edaz de Quijano\u00a0(17\/11\/2014)<\/h5>\n<\/li>\n<li>\n<h5><a href=\"http:\/\/novadehistoria.com\/entrevista-a-gervasio-sanchez\/\" target=\"_blank\" rel=\"noopener noreferrer\">Gervasio S\u00e1nchez: \u00abLa fuerza que tiene la imagen es que puede llegar a un p\u00fablico que ha renunciado a leer\u00bb<\/a>\u00a0(07\/12\/2014)<\/h5>\n<\/li>\n<li>\n<h5><a href=\"http:\/\/www.eldiario.es\/norte\/navarra\/ultima_hora\/periodismo-puede-presiones-publicar-historias_0_343666245.html\" target=\"_blank\" rel=\"noopener noreferrer\">\u201cEl periodismo no puede ceder a las presiones para dejar de contar historias\u201d<\/a>\u00a0por\u00a0Garikoitz Monta\u00f1\u00e9s\u00a0(08\/01\/2015)<\/h5>\n<\/li>\n<li>\n<h5><a href=\"http:\/\/cordopolis.es\/2015\/04\/12\/gervasio-sanchez-el-periodismo-serio-esta-muerto-en-este-pais\/\" target=\"_blank\" rel=\"noopener noreferrer\">Gervasio S\u00e1nchez: \u201cEl periodismo serio est\u00e1 muerto en este pa\u00eds\u201d<\/a> por <span class=\"single-author\">Ram\u00f3n Guti\u00e9rrez\u00a0<\/span>(12\/04\/2015)<\/h5>\n<\/li>\n<li>\n<h5><a href=\"http:\/\/www.ivoox.com\/entrevista-a-gervasio-sanchez-periodista-18-06-15-audios-mp3_rf_4656922_1.html\" target=\"_blank\" rel=\"noopener noreferrer\">Entrevista publicada en el Podcast\u00a0<em>Hoy Empieza Todo<\/em>, en\u00a0<em>Mundo y sociedad<\/em>\u00a0<\/a>(18\/06\/2015)<\/h5>\n<\/li>\n<li>\n<h5><a href=\"http:\/\/the21magazine.es\/gervasio-sanchez-en-algunas-ocasiones-es-mucho-mas-valiente-no-hacer-una-fotografia\/\" target=\"_blank\" rel=\"noopener noreferrer\">Gervasio S\u00e1nchez: \u201cEn algunas ocasiones es mucho m\u00e1s valiente no hacer una fotograf\u00eda\u201d<\/a>\u00a0(12\/07\/2015)<\/h5>\n<\/li>\n<li>\n<h5><a href=\"http:\/\/www.eldeber.com.bo\/suplementos\/gervasio-sanchez-guerra-periodistas-mucho.html\" target=\"_blank\" rel=\"noopener noreferrer\">Gervasio S\u00e1nchez: \u00abuna guerra sin periodistas es mucho m\u00e1s violenta\u00bb<\/a> por\u00a0Roberto Navia (12\/07\/2015)<\/h5>\n<\/li>\n<li>\n<h5><a href=\"http:\/\/www.diariosur.es\/sociedad\/201508\/03\/gervasio-sanchez-busco-conoci-20150803194751.html\" target=\"_blank\" rel=\"noopener noreferrer\">Gervasio S\u00e1nchez: \u00abBusco a los que conoc\u00ed bajo las bombas para verles sonre\u00edr\u00bb<\/a> por Isabel Ib\u00e1\u00f1ez\u00a0(06\/08\/2015)<\/h5>\n<\/li>\n<li>\n<h5 class=\"noticia-header__titulo selectionShareable\" data-noticia-slug=\"\/gervasio-sanchez-el-periodismo-ha-dejado-de-vigilar-al-poder-para-convertirse-en-su-mejor-aliado\"><a href=\"http:\/\/valenciaplaza.com\/gervasio-sanchez-el-periodismo-ha-dejado-de-vigilar-al-poder-para-convertirse-en-su-mejor-aliado\" target=\"_blank\" rel=\"noopener noreferrer\">Gervasio S\u00e1nchez: \u00abEl periodismo ha dejado de vigilar al poder para convertirse en su mejor aliado\u00bb<\/a> por\u00a0Eugenio Vi\u00f1as\u00a0(28\/09\/2015)<\/h5>\n<\/li>\n<\/ul>\n<p style=\"text-align: right;\"><a href=\"https:\/\/21stcenturyartivism.sites.carleton.edu\/en\/photography\/gervasio-sanchez\/\">\u2b05\ufe0e Back to\u00a0Gervasio Sanchez&#8217;s Biography<\/a><\/p>","protected":false},"excerpt":{"rendered":"<p>Gervasio S\u00e1nchez: \u00abHay que esperar noticias confirmadas para no poner en peligro la vida de los periodistas\u00bb M\u00e1s Entrevistas &#8211; More Interviews Entrevista en\u00a0Ojos Rojos\u00a0&#8211; revista de fotograf\u00eda en periodismohumano.com tres entrevistas en la Cadena Ser Gervasio S\u00e1nchez: \u201cEn la guerra, el periodista no puede ser un agresor m\u00e1s\u201d\u00a0por\u00a0Carmen Garc\u00eda Herrer\u00eda Gervasio S\u00e1nchez: \u201cEstamos saturados [&hellip;]<\/p>","protected":false},"author":1,"featured_media":0,"parent":0,"menu_order":0,"comment_status":"closed","ping_status":"open","template":"","meta":{"site-container-style":"default","site-container-layout":"default","site-sidebar-layout":"default","disable-article-header":"default","disable-site-header":"default","disable-site-footer":"default","disable-content-area-spacing":"default"},"acf":[],"_links":{"self":[{"href":"https:\/\/21stcenturyartivism.sites.carleton.edu\/en\/wp-json\/wp\/v2\/pages\/2779"}],"collection":[{"href":"https:\/\/21stcenturyartivism.sites.carleton.edu\/en\/wp-json\/wp\/v2\/pages"}],"about":[{"href":"https:\/\/21stcenturyartivism.sites.carleton.edu\/en\/wp-json\/wp\/v2\/types\/page"}],"author":[{"embeddable":true,"href":"https:\/\/21stcenturyartivism.sites.carleton.edu\/en\/wp-json\/wp\/v2\/users\/1"}],"replies":[{"embeddable":true,"href":"https:\/\/21stcenturyartivism.sites.carleton.edu\/en\/wp-json\/wp\/v2\/comments?post=2779"}],"version-history":[{"count":2,"href":"https:\/\/21stcenturyartivism.sites.carleton.edu\/en\/wp-json\/wp\/v2\/pages\/2779\/revisions"}],"predecessor-version":[{"id":8893,"href":"https:\/\/21stcenturyartivism.sites.carleton.edu\/en\/wp-json\/wp\/v2\/pages\/2779\/revisions\/8893"}],"wp:attachment":[{"href":"https:\/\/21stcenturyartivism.sites.carleton.edu\/en\/wp-json\/wp\/v2\/media?parent=2779"}],"curies":[{"name":"wp","href":"https:\/\/api.w.org\/{rel}","templated":true}]}}