{"id":3312,"date":"2015-08-24T14:52:43","date_gmt":"2015-08-24T19:52:43","guid":{"rendered":"https:\/\/21stcenturyartivism.sites.carleton.edu\/?page_id=3312"},"modified":"2023-03-15T18:05:35","modified_gmt":"2023-03-15T18:05:35","slug":"fernando-diaz-bibliography","status":"publish","type":"page","link":"https:\/\/21stcenturyartivism.sites.carleton.edu\/en\/fernando-diaz-bibliography\/","title":{"rendered":"Fernando D\u00edaz &#8211; bibliography"},"content":{"rendered":"<ul>\n<li><a href=\"http:\/\/www.tiempodehoy.com\/cultura\/quien-es-fernando-diaz#\" target=\"_blank\" rel=\"noopener noreferrer\">\u00bfQUI\u00c9N ES FERNANDO D\u00cdAZ?<\/a> (8\/10\/2007)<\/li>\n<li><a href=\"https:\/\/halshs.archives-ouvertes.fr\/file\/index\/docid\/723187\/filename\/La_imaginacioI_n_sostenible_preprint_.pdf\" target=\"_blank\" rel=\"noopener noreferrer\">La imaginaci\u00f3n sostenible: culturas y crisis econ\u00f3mica en la Espa\u00f1a actual<\/a> por\u00a0Luis Moreno-Caballud, Germ\u00e1n Labrador M\u00e9ndez, Luis Mart\u00edn-Cabrera, Eva Fern\u00e1ndez, Francisco Javier Benavente Buri\u00e1n, \u00c1ngel Luis Lara, Amador Fern\u00e1ndez-Savater (07\/08\/2012)<\/li>\n<li><a href=\"http:\/\/www.mundoobrero.es\/pl.php?id=4942\" target=\"_blank\" rel=\"noopener noreferrer\">Literatura, \u00bfpara qu\u00e9?<\/a> por David Becerra Mayor\u00a0(02\/07\/2015)<\/li>\n<\/ul>\n<h3><em>Panfleto para seguir viviendo<\/em><\/h3>\n<ul>\n<li><a href=\"http:\/\/www.fundaciondomingomalagon.org\/es\/panfleto-para-seguir-viviendo\" target=\"_blank\" rel=\"noopener noreferrer\">Rese\u00f1a de Ram\u00f3n Pedregal Casanova<\/a><\/li>\n<li><a href=\"http:\/\/avionesdesplumados.blogspot.com\/2008\/11\/fernando-daz.html\" target=\"_blank\" rel=\"noopener noreferrer\">Rese\u00f1a de Rub\u00e9n A. Arribas<\/a> (25\/11\/2008)<\/li>\n<li><a href=\"http:\/\/www.rebelion.org\/noticia.php?id=199854\" target=\"_blank\" rel=\"noopener noreferrer\">Rese\u00f1a de\u00a0Luis Roca Jusmet<\/a>\u00a0(11\/06\/2015)<\/li>\n<\/ul>\n<p>&nbsp;<\/p>\n<p>&nbsp;<\/p>\n<p style=\"text-align: right;\"><a href=\"https:\/\/21stcenturyartivism.sites.carleton.edu\/en\/fictional-works\/fernando-diaz\/\">\u2b05\ufe0e Back to Fernando D\u00edaz&#8217;s Biography<\/a><\/p>","protected":false},"excerpt":{"rendered":"<p>\u00bfQUI\u00c9N ES FERNANDO D\u00cdAZ? (8\/10\/2007) La imaginaci\u00f3n sostenible: culturas y crisis econ\u00f3mica en la Espa\u00f1a actual por\u00a0Luis Moreno-Caballud, Germ\u00e1n Labrador M\u00e9ndez, Luis Mart\u00edn-Cabrera, Eva Fern\u00e1ndez, Francisco Javier Benavente Buri\u00e1n, \u00c1ngel Luis Lara, Amador Fern\u00e1ndez-Savater (07\/08\/2012) Literatura, \u00bfpara qu\u00e9? por David Becerra Mayor\u00a0(02\/07\/2015) Panfleto para seguir viviendo Rese\u00f1a de Ram\u00f3n Pedregal Casanova Rese\u00f1a de Rub\u00e9n A. [&hellip;]<\/p>","protected":false},"author":1,"featured_media":0,"parent":0,"menu_order":0,"comment_status":"closed","ping_status":"open","template":"","meta":{"site-container-style":"default","site-container-layout":"default","site-sidebar-layout":"default","disable-article-header":"default","disable-site-header":"default","disable-site-footer":"default","disable-content-area-spacing":"default"},"acf":[],"_links":{"self":[{"href":"https:\/\/21stcenturyartivism.sites.carleton.edu\/en\/wp-json\/wp\/v2\/pages\/3312"}],"collection":[{"href":"https:\/\/21stcenturyartivism.sites.carleton.edu\/en\/wp-json\/wp\/v2\/pages"}],"about":[{"href":"https:\/\/21stcenturyartivism.sites.carleton.edu\/en\/wp-json\/wp\/v2\/types\/page"}],"author":[{"embeddable":true,"href":"https:\/\/21stcenturyartivism.sites.carleton.edu\/en\/wp-json\/wp\/v2\/users\/1"}],"replies":[{"embeddable":true,"href":"https:\/\/21stcenturyartivism.sites.carleton.edu\/en\/wp-json\/wp\/v2\/comments?post=3312"}],"version-history":[{"count":1,"href":"https:\/\/21stcenturyartivism.sites.carleton.edu\/en\/wp-json\/wp\/v2\/pages\/3312\/revisions"}],"predecessor-version":[{"id":8855,"href":"https:\/\/21stcenturyartivism.sites.carleton.edu\/en\/wp-json\/wp\/v2\/pages\/3312\/revisions\/8855"}],"wp:attachment":[{"href":"https:\/\/21stcenturyartivism.sites.carleton.edu\/en\/wp-json\/wp\/v2\/media?parent=3312"}],"curies":[{"name":"wp","href":"https:\/\/api.w.org\/{rel}","templated":true}]}}