{"id":3514,"date":"2015-09-02T14:39:01","date_gmt":"2015-09-02T19:39:01","guid":{"rendered":"https:\/\/21stcenturyartivism.sites.carleton.edu\/?page_id=3514"},"modified":"2023-03-15T18:05:33","modified_gmt":"2023-03-15T18:05:33","slug":"andres-duque-bibliography","status":"publish","type":"page","link":"https:\/\/21stcenturyartivism.sites.carleton.edu\/en\/andres-duque-bibliography\/","title":{"rendered":"Andr\u00e9s Duque &#8211; bibliography"},"content":{"rendered":"<h3 style=\"text-align: center;\">Varios art\u00edculos se encuentran <a href=\"http:\/\/www.andresduque.com\/txt-esp.html\" target=\"_blank\" rel=\"noopener noreferrer\">aqu\u00ed<\/a> &#8211; Various articles collected <a href=\"http:\/\/www.andresduque.com\/txt-esp.html\" target=\"_blank\" rel=\"noopener noreferrer\">here<\/a><\/h3>\n<ul>\n<li><a href=\"http:\/\/cinentransit.com\/andres-duque-y-su-ensayo-final-para-utopia\/\" target=\"_blank\" rel=\"noopener noreferrer\">Andr\u00e9s Duque y su \u201cEnsayo final para utop\u00eda\u201d<\/a> por Carles Matamoros Balasch\u00a0(05\/04\/2012)<\/li>\n<li><a href=\"http:\/\/revistas.um.es\/api\/article\/view\/191661\" target=\"_blank\" rel=\"noopener noreferrer\">El escalofr\u00edo: Cuerpo e imagen en el cine de Andr\u00e9s Duque<\/a> por\u00a0Cloe Masotta Lijtmaer<em>\u00a0<\/em>(2013)<\/li>\n<li><a href=\"http:\/\/reverseshot.org\/archive\/entry\/527\/color_runaway_dogdress_rehearsal_utopia\" target=\"_blank\" rel=\"noopener noreferrer\">Color Runaway Dog and Dress Rehearsal for Utopia<\/a> by\u00a0Leo Goldsmith\u00a0(May 2,\u00a02013)<\/li>\n<li>Cerd\u00e1n, Josetxo. <a href=\"https:\/\/addiehu.ehu.es\/bitstream\/10810\/8203\/1\/Territorios%20y%20Fronteras.pdf\" target=\"_blank\" rel=\"noopener noreferrer\">\u00abApuntes de campo sobre el trabajo de Andr\u00e9s Duque y Virginia Garc\u00eda del Pino (o por qu\u00e9 los artistas son un co\u00f1azo).\u00bb\u00a0<i>Territorios y fronteras: experiencias documentales contempor\u00e1neas<\/i><\/a>.\u00a0Vanesa\u00a0Fern\u00e1ndez Guerra and Miren Gabantxo Uriagereka, eds.\u00a0Servicio Editorial de la Universidad del Pa\u00eds Vasco\/Euskal Herriko Unibertsitatearen Argitalpen Zerbitzua, 2012. Web. 22 \u00a0Dec. 2015.<\/li>\n<\/ul>\n<p style=\"text-align: right;\"><a href=\"https:\/\/21stcenturyartivism.sites.carleton.edu\/en\/audiovisual-creation\/andres-duque\/\">\u2b05\ufe0e Back to Andr\u00e9s Duque&#8217;s\u00a0Biography<\/a><\/p>","protected":false},"excerpt":{"rendered":"<p>Varios art\u00edculos se encuentran aqu\u00ed &#8211; Various articles collected here Andr\u00e9s Duque y su \u201cEnsayo final para utop\u00eda\u201d por Carles Matamoros Balasch\u00a0(05\/04\/2012) El escalofr\u00edo: Cuerpo e imagen en el cine de Andr\u00e9s Duque por\u00a0Cloe Masotta Lijtmaer\u00a0(2013) Color Runaway Dog and Dress Rehearsal for Utopia by\u00a0Leo Goldsmith\u00a0(May 2,\u00a02013) Cerd\u00e1n, Josetxo. \u00abApuntes de campo sobre el trabajo [&hellip;]<\/p>","protected":false},"author":1,"featured_media":0,"parent":0,"menu_order":0,"comment_status":"closed","ping_status":"open","template":"","meta":{"site-container-style":"default","site-container-layout":"default","site-sidebar-layout":"default","disable-article-header":"default","disable-site-header":"default","disable-site-footer":"default","disable-content-area-spacing":"default"},"acf":[],"_links":{"self":[{"href":"https:\/\/21stcenturyartivism.sites.carleton.edu\/en\/wp-json\/wp\/v2\/pages\/3514"}],"collection":[{"href":"https:\/\/21stcenturyartivism.sites.carleton.edu\/en\/wp-json\/wp\/v2\/pages"}],"about":[{"href":"https:\/\/21stcenturyartivism.sites.carleton.edu\/en\/wp-json\/wp\/v2\/types\/page"}],"author":[{"embeddable":true,"href":"https:\/\/21stcenturyartivism.sites.carleton.edu\/en\/wp-json\/wp\/v2\/users\/1"}],"replies":[{"embeddable":true,"href":"https:\/\/21stcenturyartivism.sites.carleton.edu\/en\/wp-json\/wp\/v2\/comments?post=3514"}],"version-history":[{"count":2,"href":"https:\/\/21stcenturyartivism.sites.carleton.edu\/en\/wp-json\/wp\/v2\/pages\/3514\/revisions"}],"predecessor-version":[{"id":8602,"href":"https:\/\/21stcenturyartivism.sites.carleton.edu\/en\/wp-json\/wp\/v2\/pages\/3514\/revisions\/8602"}],"wp:attachment":[{"href":"https:\/\/21stcenturyartivism.sites.carleton.edu\/en\/wp-json\/wp\/v2\/media?parent=3514"}],"curies":[{"name":"wp","href":"https:\/\/api.w.org\/{rel}","templated":true}]}}