{"id":364,"date":"2014-12-12T13:08:26","date_gmt":"2014-12-12T19:08:26","guid":{"rendered":"https:\/\/21stcenturyartivism.sites.carleton.edu\/?page_id=364"},"modified":"2023-03-15T18:05:37","modified_gmt":"2023-03-15T18:05:37","slug":"oscar-clemente-bibliography","status":"publish","type":"page","link":"https:\/\/21stcenturyartivism.sites.carleton.edu\/en\/oscar-clemente-bibliography\/","title":{"rendered":"\u00d3scar Clemente &#8211; Bibliography"},"content":{"rendered":"<h3>\u00ab3a (se necesita chica para trabajar)\u00bb<\/h3>\n<ul>\n<li><a href=\"http:\/\/www.tertuliaandaluza.com\/cultura\/cine\/resena-3a-se-necesita-chica-para-trabajar\/\" target=\"_blank\" rel=\"noopener noreferrer\">rese\u00f1a de\u00a0Jos\u00e9 Lorenzo Ben\u00edtez<\/a>\u00a0(<a href=\"http:\/\/www.tertuliaandaluza.com\/cultura\/cine\/resena-3a-se-necesita-chica-para-trabajar\/?lang=en\" target=\"_blank\" rel=\"noopener noreferrer\">english version<\/a>)<\/li>\n<\/ul>\n<h3>\u00abSobre ruedas: El sue\u00f1o del autom\u00f3vil\u00bb \/\u00a0<em>Keep on Rolling: The Dream of the Automobile\u00a0<\/em><\/h3>\n<ul>\n<li><a href=\"http:\/\/www.motorpasion.com\/industria\/sobre-ruedas-documental-coches-oscar-clemente\" target=\"_blank\" rel=\"noopener noreferrer\">rese\u00f1a de Josepo Cam\u00f3s<\/a><\/li>\n<li><a href=\"http:\/\/menospetroleo.blogspot.com\/2012\/11\/documental-sobre-ruedas-el-sueno-del.html\" target=\"_blank\" rel=\"noopener noreferrer\">rese\u00f1a de Bilal Paladini<\/a><\/li>\n<li><a href=\"http:\/\/www.alcesxxi.org\/home\/foros\/tema\/comentario-de-presentacion-de-sobre-ruedas\/\" target=\"_blank\" rel=\"noopener noreferrer\">rese\u00f1a\/conversaci\u00f3n\u00a0en ALCESXXI<\/a><\/li>\n<\/ul>\n<p style=\"text-align: right;\"><a href=\"https:\/\/21stcenturyartivism.sites.carleton.edu\/en\/audiovisual-creation\/oscar-clemente\/\">\u2b05\ufe0e Back to \u00d3scar Clemente&#8217;s Biography<\/a><\/p>","protected":false},"excerpt":{"rendered":"<p>\u00ab3a (se necesita chica para trabajar)\u00bb rese\u00f1a de\u00a0Jos\u00e9 Lorenzo Ben\u00edtez\u00a0(english version) \u00abSobre ruedas: El sue\u00f1o del autom\u00f3vil\u00bb \/\u00a0Keep on Rolling: The Dream of the Automobile\u00a0 rese\u00f1a de Josepo Cam\u00f3s rese\u00f1a de Bilal Paladini rese\u00f1a\/conversaci\u00f3n\u00a0en ALCESXXI \u2b05\ufe0e Back to \u00d3scar Clemente&#8217;s Biography<\/p>","protected":false},"author":1,"featured_media":0,"parent":0,"menu_order":0,"comment_status":"closed","ping_status":"open","template":"","meta":{"site-container-style":"default","site-container-layout":"default","site-sidebar-layout":"default","disable-article-header":"default","disable-site-header":"default","disable-site-footer":"default","disable-content-area-spacing":"default"},"acf":[],"_links":{"self":[{"href":"https:\/\/21stcenturyartivism.sites.carleton.edu\/en\/wp-json\/wp\/v2\/pages\/364"}],"collection":[{"href":"https:\/\/21stcenturyartivism.sites.carleton.edu\/en\/wp-json\/wp\/v2\/pages"}],"about":[{"href":"https:\/\/21stcenturyartivism.sites.carleton.edu\/en\/wp-json\/wp\/v2\/types\/page"}],"author":[{"embeddable":true,"href":"https:\/\/21stcenturyartivism.sites.carleton.edu\/en\/wp-json\/wp\/v2\/users\/1"}],"replies":[{"embeddable":true,"href":"https:\/\/21stcenturyartivism.sites.carleton.edu\/en\/wp-json\/wp\/v2\/comments?post=364"}],"version-history":[{"count":1,"href":"https:\/\/21stcenturyartivism.sites.carleton.edu\/en\/wp-json\/wp\/v2\/pages\/364\/revisions"}],"predecessor-version":[{"id":9083,"href":"https:\/\/21stcenturyartivism.sites.carleton.edu\/en\/wp-json\/wp\/v2\/pages\/364\/revisions\/9083"}],"wp:attachment":[{"href":"https:\/\/21stcenturyartivism.sites.carleton.edu\/en\/wp-json\/wp\/v2\/media?parent=364"}],"curies":[{"name":"wp","href":"https:\/\/api.w.org\/{rel}","templated":true}]}}