{"id":430,"date":"2014-12-12T15:45:09","date_gmt":"2014-12-12T21:45:09","guid":{"rendered":"https:\/\/21stcenturyartivism.sites.carleton.edu\/?page_id=430"},"modified":"2023-03-15T18:05:36","modified_gmt":"2023-03-15T18:05:36","slug":"leon-siminiani-interviews","status":"publish","type":"page","link":"https:\/\/21stcenturyartivism.sites.carleton.edu\/en\/leon-siminiani-interviews\/","title":{"rendered":"Le\u00f3n Siminiani &#8211; Interviews"},"content":{"rendered":"<p style=\"text-align: center;\"><iframe loading=\"lazy\" src=\"\/\/www.youtube.com\/embed\/WX2Nt9gRWpw\" width=\"560\" height=\"315\" frameborder=\"0\" allowfullscreen=\"allowfullscreen\"><\/iframe><\/p>\n<p style=\"text-align: center;\"><iframe loading=\"lazy\" src=\"https:\/\/player.vimeo.com\/video\/147335435\" width=\"500\" height=\"281\" frameborder=\"0\" allowfullscreen=\"allowfullscreen\"><\/iframe><\/p>\n<p style=\"text-align: center;\"><iframe loading=\"lazy\" src=\"\/\/www.youtube.com\/embed\/IxyCfq-V2J8\" width=\"560\" height=\"315\" frameborder=\"0\" allowfullscreen=\"allowfullscreen\"><\/iframe><\/p>\n<p style=\"text-align: center;\"><iframe loading=\"lazy\" src=\"\/\/www.youtube.com\/embed\/6g_b8VNahzM\" width=\"560\" height=\"315\" frameborder=\"0\" allowfullscreen=\"allowfullscreen\"><\/iframe><\/p>\n<p style=\"text-align: center;\"><iframe loading=\"lazy\" src=\"\/\/www.youtube.com\/embed\/5Yf_7a24ii0\" width=\"560\" height=\"315\" frameborder=\"0\" allowfullscreen=\"allowfullscreen\"><\/iframe><\/p>\n<p style=\"text-align: center;\"><iframe loading=\"lazy\" src=\"\/\/www.youtube.com\/embed\/7wsbN7GTAOk\" width=\"560\" height=\"315\" frameborder=\"0\" allowfullscreen=\"allowfullscreen\"><\/iframe><\/p>\n<p class=\"yt watch-title-container\" style=\"text-align: center;\"><a href=\"http:\/\/www.marienbad.com.ar\/masterclass\/elias-leon-siminiani\" target=\"_blank\" rel=\"noopener noreferrer\"><strong><span id=\"eow-title\" class=\"watch-title\" dir=\"ltr\" title=\"Master Class Elias Leon Siminiani en mar del plata\">Master Class Elias Leon Siminiani en Mar del Plata<\/span><\/strong><\/a><\/p>\n<p class=\"yt watch-title-container\" style=\"text-align: center;\"><iframe loading=\"lazy\" src=\"https:\/\/www.youtube.com\/embed\/zvqEbqlukbY\" width=\"560\" height=\"315\" frameborder=\"0\" allowfullscreen=\"allowfullscreen\"><\/iframe><\/p>\n<p class=\"yt watch-title-container\" style=\"text-align: center;\"><iframe loading=\"lazy\" src=\"https:\/\/www.youtube.com\/embed\/SOiRdibUZkg\" width=\"560\" height=\"315\" frameborder=\"0\" allowfullscreen=\"allowfullscreen\"><\/iframe><\/p>\n<h3 style=\"text-align: center;\">M\u00e1s Entrevistas &#8211; More Interviews<\/h3>\n<ul>\n<li class=\"yt watch-title-container\">\n<h5><a href=\"http:\/\/documusac.es\/mapa-de-siminiani-la-entrevista-perdida\" target=\"_blank\" rel=\"noopener noreferrer\"><em>Mapa<\/em>, de Siminiani. La entrevista perdida.<\/a><\/h5>\n<\/li>\n<li class=\"yt watch-title-container\">\n<h5><a href=\"http:\/\/detour.es\/tiempo\/jesus-cortes-entrevista-leon-siminiani.htm\" target=\"_blank\" rel=\"noopener noreferrer\"><span class=\"Estilo1\">Entrevista a Le\u00f3n Siminiani, director de\u00a0<em>Mapa<\/em><\/span>\u00a0por\u00a0Jes\u00fas Cort\u00e9s<\/a><\/h5>\n<\/li>\n<li class=\"yt watch-title-container\">\n<h5><a href=\"http:\/\/miradas.net\/2013\/01\/actualidad\/entrevista-a-elias-leon-siminiani.html\" target=\"_blank\" rel=\"noopener noreferrer\">Entrevista por Manuel Ortega<\/a>\u00a0(enero 2013)<\/h5>\n<\/li>\n<li class=\"yt watch-title-container\">\n<h5><a href=\"http:\/\/www.blogsandocs.com\/?p=4510\" target=\"_blank\" rel=\"noopener noreferrer\">Entrevista por M. Mart\u00ed Freixas<\/a>\u00a0(25\/01\/2013)<\/h5>\n<\/li>\n<li class=\"yt watch-title-container\">\n<h5><a href=\"http:\/\/www.ivoox.com\/entrevista-cinenterate-elias-leon-siminiani-mapa-audios-mp3_rf_1739379_1.html\" target=\"_blank\" rel=\"noopener noreferrer\">Entrevista sobre <em>Mapa<\/em><\/a> (27\/01\/2013)<\/h5>\n<\/li>\n<li class=\"yt watch-title-container\">\n<h5><a href=\"http:\/\/www.culturamas.es\/blog\/2013\/01\/28\/leon-siminiani-nominado-a-los-goya-por-mapa-la-ironia-me-protege-de-mi-ignorancia\/\" target=\"_blank\" rel=\"noopener noreferrer\">Le\u00f3n Siminiani, nominado a los Goya por \u201cMapa\u201d: \u201cLa iron\u00eda me protege de mi ignorancia\u201d<\/a> por\u00a0Rub\u00e9n Romero S\u00e1nchez (28\/01\/2013)<\/h5>\n<\/li>\n<li class=\"yt watch-title-container\">\n<h5><a href=\"http:\/\/experpento.com\/leon-siminiani-director-guionista-montador-y-protagonista-de-mapa\/\" target=\"_blank\" rel=\"noopener noreferrer\">Entrevista\u00a0por Arantxa Hern\u00e1ndez<\/a>\u00a0(30\/01\/2013)<\/h5>\n<\/li>\n<li class=\"yt watch-title-container\">\n<h5><a href=\"http:\/\/www.elcultural.com\/noticias\/buenos-dias\/Leon-Siminiani\/4333\" target=\"_blank\" rel=\"noopener noreferrer\">Le\u00f3n Siminiani:\u00a0\u00abAl hacer\u00a0<em>Mapa<\/em>, la vida fue m\u00e1s r\u00e1pida que el cine\u00bb<\/a> por Juan Sard\u00e1 (01\/02\/2013)<\/h5>\n<\/li>\n<li class=\"yt watch-title-container\">\n<h5><a href=\"http:\/\/www.laopinion.es\/cultura\/2013\/06\/14\/elias-leon-siminiani-cineasta-espanol-documental-mapa-trata-reencuentro\/481284.html\" target=\"_blank\" rel=\"noopener noreferrer\">El\u00edas Le\u00f3n Siminiani, cineasta espa\u00f1ol: \u00abMi documental \u00b4Mapa\u00b4 trata sobre el reencuentro con uno mismo\u00bb<\/a> por Nora Navarro\u00a0(14\/06\/2013)<\/h5>\n<\/li>\n<li class=\"yt watch-title-container\">\n<h5><a href=\"http:\/\/antoncastro.blogia.com\/2013\/031003-elias-leon-siminiani-un-dialogo.php\" target=\"_blank\" rel=\"noopener noreferrer\">El\u00edas Le\u00f3n Siminiani: Un di\u00e1logo<\/a>\u00a0por Ant\u00f3n Castro (10\/03\/2013)<\/h5>\n<\/li>\n<\/ul>\n<p style=\"text-align: right;\"><a href=\"https:\/\/21stcenturyartivism.sites.carleton.edu\/en\/audiovisual-creation\/leon-siminiani\/\">\u2b05\ufe0e Back to Le\u00f3n Siminiani&#8217;s\u00a0Biography<\/a><\/p>","protected":false},"excerpt":{"rendered":"<p>Master Class Elias Leon Siminiani en Mar del Plata M\u00e1s Entrevistas &#8211; More Interviews Mapa, de Siminiani. La entrevista perdida. Entrevista a Le\u00f3n Siminiani, director de\u00a0Mapa\u00a0por\u00a0Jes\u00fas Cort\u00e9s Entrevista por Manuel Ortega\u00a0(enero 2013) Entrevista por M. Mart\u00ed Freixas\u00a0(25\/01\/2013) Entrevista sobre Mapa (27\/01\/2013) Le\u00f3n Siminiani, nominado a los Goya por \u201cMapa\u201d: \u201cLa iron\u00eda me protege de mi [&hellip;]<\/p>","protected":false},"author":1,"featured_media":0,"parent":0,"menu_order":0,"comment_status":"closed","ping_status":"open","template":"","meta":{"site-container-style":"default","site-container-layout":"default","site-sidebar-layout":"default","disable-article-header":"default","disable-site-header":"default","disable-site-footer":"default","disable-content-area-spacing":"default"},"acf":[],"_links":{"self":[{"href":"https:\/\/21stcenturyartivism.sites.carleton.edu\/en\/wp-json\/wp\/v2\/pages\/430"}],"collection":[{"href":"https:\/\/21stcenturyartivism.sites.carleton.edu\/en\/wp-json\/wp\/v2\/pages"}],"about":[{"href":"https:\/\/21stcenturyartivism.sites.carleton.edu\/en\/wp-json\/wp\/v2\/types\/page"}],"author":[{"embeddable":true,"href":"https:\/\/21stcenturyartivism.sites.carleton.edu\/en\/wp-json\/wp\/v2\/users\/1"}],"replies":[{"embeddable":true,"href":"https:\/\/21stcenturyartivism.sites.carleton.edu\/en\/wp-json\/wp\/v2\/comments?post=430"}],"version-history":[{"count":2,"href":"https:\/\/21stcenturyartivism.sites.carleton.edu\/en\/wp-json\/wp\/v2\/pages\/430\/revisions"}],"predecessor-version":[{"id":9012,"href":"https:\/\/21stcenturyartivism.sites.carleton.edu\/en\/wp-json\/wp\/v2\/pages\/430\/revisions\/9012"}],"wp:attachment":[{"href":"https:\/\/21stcenturyartivism.sites.carleton.edu\/en\/wp-json\/wp\/v2\/media?parent=430"}],"curies":[{"name":"wp","href":"https:\/\/api.w.org\/{rel}","templated":true}]}}