{"id":5261,"date":"2016-01-21T15:44:45","date_gmt":"2016-01-21T21:44:45","guid":{"rendered":"https:\/\/21stcenturyartivism.sites.carleton.edu\/?page_id=5261"},"modified":"2023-03-15T18:05:33","modified_gmt":"2023-03-15T18:05:33","slug":"almudena-hernando-interviews","status":"publish","type":"page","link":"https:\/\/21stcenturyartivism.sites.carleton.edu\/en\/almudena-hernando-interviews\/","title":{"rendered":"Almudena Hernando &#8211; interviews"},"content":{"rendered":"<h3 class=\"yt watch-title-container\" style=\"text-align: left;\"><iframe loading=\"lazy\" src=\"https:\/\/player.vimeo.com\/video\/79412124?color=ff9933&amp;title=0&amp;byline=0&amp;portrait=0\" width=\"500\" height=\"281\" frameborder=\"0\" allowfullscreen=\"allowfullscreen\"><\/iframe><\/h3>\n<p><iframe loading=\"lazy\" style=\"border: 0 none transparent;\" src=\"http:\/\/www.ustream.tv\/embed\/recorded\/24893584?html5ui\" width=\"480\" height=\"270\" frameborder=\"0\" scrolling=\"no\" allowfullscreen=\"allowfullscreen\"><\/iframe><\/p>\n<h5 style=\"text-align: left;\">Presentaci\u00f3n del libro <em>La\u00a0fantas\u00eda\u00a0de la individualidad\u00a0<\/em>\u00a0[La\u00a0intervenci\u00f3n de la Hernando\u00a0empieza en 56:50]<\/h5>\n<h3 style=\"text-align: center;\">M\u00e1s Entrevistas \u2013 More Interviews<\/h3>\n<ul>\n<li class=\"yt watch-title-container\" style=\"text-align: left;\">\n<h5><a href=\"http:\/\/www.hombresigualitarios.ahige.org\/?p=2009\" target=\"_blank\" rel=\"noopener noreferrer\">\u00ab&#8216;<em>El vac\u00edo est\u00e1 en el n\u00facleo de la masculinidad hegem\u00f3nica&#8217;:\u00a0<\/em>Entrevista a Almudena Hernando<\/a>\u00bb por\u00a0Juanjo Compair\u00e9 (01\/02\/2016)<\/h5>\n<\/li>\n<li class=\"yt watch-title-container\" style=\"text-align: left;\">\n<h5><a href=\"http:\/\/www.sophiaonline.com.ar\/entrevistas\/almudena-hernando-las-mujeres-y-el-poder\/\" target=\"_blank\" rel=\"noopener noreferrer\">\u00abALMUDENA HERNANDO: Las mujeres y el poder<\/a>\u00bb por Mar\u00eda Eugenia Sidoti (12\/01\/2016)<\/h5>\n<\/li>\n<li data-trigger=\"virtual-hover\" data-toggle=\"label-explicit-hover\" data-target=\".label-explicit\">\n<h5><a href=\"http:\/\/www.ivoox.com\/entrevista-a-antropologa-feminista-almudena-hernando-gonzalo-audios-mp3_rf_2549439_1.html\" target=\"_blank\" rel=\"noopener noreferrer\">\u00abEntrevista a la antrop\u00f3loga feminista Almudena Hernando Gonzalo<\/a>\u00bb por Amparo Perdomofeo (13\/11\/2013)<\/h5>\n<\/li>\n<li data-trigger=\"virtual-hover\" data-toggle=\"label-explicit-hover\" data-target=\".label-explicit\">\n<h5>\u00ab<a href=\"http:\/\/www.revistaenie.clarin.com\/ideas\/Almudena-Hernando-fantasia-individualidad_0_850114995.html\" target=\"_blank\" rel=\"noopener noreferrer\">Los g\u00e9neros del poder<\/a>\u00bb por Luis Diego Fern\u00e1ndez,\u00a0sobre el libro <a href=\"http:\/\/www.katzeditores.com\/fichaLibro.asp?IDL=148\" target=\"_blank\" rel=\"noopener noreferrer\"><em>La fantas\u00eda de la individualidad<\/em> <\/a>(Katz Editores, 2012)\u00a0\u00a0(23\/01\/2013)<\/h5>\n<\/li>\n<\/ul>\n<p style=\"text-align: right;\"><a href=\"https:\/\/21stcenturyartivism.sites.carleton.edu\/en\/essay\/almudena-hernando\/\">\u2b05\ufe0eBack to Almudena Hernando&#8217;s Biography<\/a><\/p>","protected":false},"excerpt":{"rendered":"<p>Presentaci\u00f3n del libro La\u00a0fantas\u00eda\u00a0de la individualidad\u00a0\u00a0[La\u00a0intervenci\u00f3n de la Hernando\u00a0empieza en 56:50] M\u00e1s Entrevistas \u2013 More Interviews \u00ab&#8216;El vac\u00edo est\u00e1 en el n\u00facleo de la masculinidad hegem\u00f3nica&#8217;:\u00a0Entrevista a Almudena Hernando\u00bb por\u00a0Juanjo Compair\u00e9 (01\/02\/2016) \u00abALMUDENA HERNANDO: Las mujeres y el poder\u00bb por Mar\u00eda Eugenia Sidoti (12\/01\/2016) \u00abEntrevista a la antrop\u00f3loga feminista Almudena Hernando Gonzalo\u00bb por Amparo Perdomofeo [&hellip;]<\/p>","protected":false},"author":1,"featured_media":0,"parent":0,"menu_order":0,"comment_status":"closed","ping_status":"closed","template":"","meta":{"site-container-style":"default","site-container-layout":"default","site-sidebar-layout":"default","disable-article-header":"default","disable-site-header":"default","disable-site-footer":"default","disable-content-area-spacing":"default"},"acf":[],"_links":{"self":[{"href":"https:\/\/21stcenturyartivism.sites.carleton.edu\/en\/wp-json\/wp\/v2\/pages\/5261"}],"collection":[{"href":"https:\/\/21stcenturyartivism.sites.carleton.edu\/en\/wp-json\/wp\/v2\/pages"}],"about":[{"href":"https:\/\/21stcenturyartivism.sites.carleton.edu\/en\/wp-json\/wp\/v2\/types\/page"}],"author":[{"embeddable":true,"href":"https:\/\/21stcenturyartivism.sites.carleton.edu\/en\/wp-json\/wp\/v2\/users\/1"}],"replies":[{"embeddable":true,"href":"https:\/\/21stcenturyartivism.sites.carleton.edu\/en\/wp-json\/wp\/v2\/comments?post=5261"}],"version-history":[{"count":2,"href":"https:\/\/21stcenturyartivism.sites.carleton.edu\/en\/wp-json\/wp\/v2\/pages\/5261\/revisions"}],"predecessor-version":[{"id":9273,"href":"https:\/\/21stcenturyartivism.sites.carleton.edu\/en\/wp-json\/wp\/v2\/pages\/5261\/revisions\/9273"}],"wp:attachment":[{"href":"https:\/\/21stcenturyartivism.sites.carleton.edu\/en\/wp-json\/wp\/v2\/media?parent=5261"}],"curies":[{"name":"wp","href":"https:\/\/api.w.org\/{rel}","templated":true}]}}