{"id":5270,"date":"2016-01-21T15:49:07","date_gmt":"2016-01-21T21:49:07","guid":{"rendered":"https:\/\/21stcenturyartivism.sites.carleton.edu\/?page_id=5270"},"modified":"2023-03-15T18:05:33","modified_gmt":"2023-03-15T18:05:33","slug":"almudena-hernando-bibliography","status":"publish","type":"page","link":"https:\/\/21stcenturyartivism.sites.carleton.edu\/en\/almudena-hernando-bibliography\/","title":{"rendered":"Almudena Hernando &#8211; bibliography"},"content":{"rendered":"<p>Fern\u00e1ndez-G\u00f6tz, Manuel. <a href=\"http:\/\/www.revistaderechopublico.uchile.cl\/index.php\/RCA\/article\/viewFile\/27362\/29003\" target=\"_blank\" rel=\"noopener noreferrer\">\u00abLa fantas\u00eda de la individualidad. Sobre la construcci\u00f3n socio-hist\u00f3rica del sujeto moderno, Almudena Hernando.\u00bb<\/a><i>Revista Chilena de Antropolog\u00eda<\/i> 27 (2013).<\/p>\n<p>Mu\u00f1oz, Soraya Gahete. <a href=\"http:\/\/revistas.ucm.es\/index.php\/CHCO\/article\/download\/43497\/41144\" target=\"_blank\" rel=\"noopener noreferrer\">\u00abHERNANDO, Almudena:\u00bb La fantas\u00eda de la individualidad sobre la construcci\u00f3n sociohist\u00f3rica del sujeto moderno.\u00bb<\/a>\u00a0Madrid, Katz, 2012.\u00bb <i>Cuadernos de Historia Contempor\u00e1nea<\/i> 35 (2013): 319-322.<\/p>\n<p>Priego, Marisa Ruiz-G\u00e1lvez.<a href=\"http:\/\/revistas.ucm.es\/index.php\/CMPL\/article\/download\/42575\/40476\" target=\"_blank\" rel=\"noopener noreferrer\"> \u00abAlmudena Hernando Gonzalo.\u00bb La fantas\u00eda de la individualidad. Sobre la construcci\u00f3n sociohist\u00f3rica del sujeto moderno.\u00bb\u00bb<\/a><i>Complutum<\/i> 24.1 (2013): 223-225.<\/p>\n<p style=\"text-align: right;\"><a href=\"https:\/\/21stcenturyartivism.sites.carleton.edu\/en\/essay\/almudena-hernando\/\">\u2b05\ufe0eBack to Almudena Hernando&#8217;s Biography<\/a><\/p>","protected":false},"excerpt":{"rendered":"<p>Fern\u00e1ndez-G\u00f6tz, Manuel. \u00abLa fantas\u00eda de la individualidad. Sobre la construcci\u00f3n socio-hist\u00f3rica del sujeto moderno, Almudena Hernando.\u00bbRevista Chilena de Antropolog\u00eda 27 (2013). Mu\u00f1oz, Soraya Gahete. \u00abHERNANDO, Almudena:\u00bb La fantas\u00eda de la individualidad sobre la construcci\u00f3n sociohist\u00f3rica del sujeto moderno.\u00bb\u00a0Madrid, Katz, 2012.\u00bb Cuadernos de Historia Contempor\u00e1nea 35 (2013): 319-322. Priego, Marisa Ruiz-G\u00e1lvez. \u00abAlmudena Hernando Gonzalo.\u00bb La fantas\u00eda [&hellip;]<\/p>","protected":false},"author":1,"featured_media":0,"parent":0,"menu_order":0,"comment_status":"closed","ping_status":"closed","template":"","meta":{"site-container-style":"default","site-container-layout":"default","site-sidebar-layout":"default","disable-article-header":"default","disable-site-header":"default","disable-site-footer":"default","disable-content-area-spacing":"default"},"acf":[],"_links":{"self":[{"href":"https:\/\/21stcenturyartivism.sites.carleton.edu\/en\/wp-json\/wp\/v2\/pages\/5270"}],"collection":[{"href":"https:\/\/21stcenturyartivism.sites.carleton.edu\/en\/wp-json\/wp\/v2\/pages"}],"about":[{"href":"https:\/\/21stcenturyartivism.sites.carleton.edu\/en\/wp-json\/wp\/v2\/types\/page"}],"author":[{"embeddable":true,"href":"https:\/\/21stcenturyartivism.sites.carleton.edu\/en\/wp-json\/wp\/v2\/users\/1"}],"replies":[{"embeddable":true,"href":"https:\/\/21stcenturyartivism.sites.carleton.edu\/en\/wp-json\/wp\/v2\/comments?post=5270"}],"version-history":[{"count":3,"href":"https:\/\/21stcenturyartivism.sites.carleton.edu\/en\/wp-json\/wp\/v2\/pages\/5270\/revisions"}],"predecessor-version":[{"id":9272,"href":"https:\/\/21stcenturyartivism.sites.carleton.edu\/en\/wp-json\/wp\/v2\/pages\/5270\/revisions\/9272"}],"wp:attachment":[{"href":"https:\/\/21stcenturyartivism.sites.carleton.edu\/en\/wp-json\/wp\/v2\/media?parent=5270"}],"curies":[{"name":"wp","href":"https:\/\/api.w.org\/{rel}","templated":true}]}}