{"id":713,"date":"2015-02-04T12:26:38","date_gmt":"2015-02-04T18:26:38","guid":{"rendered":"https:\/\/21stcenturyartivism.sites.carleton.edu\/?page_id=713"},"modified":"2023-03-15T18:05:36","modified_gmt":"2023-03-15T18:05:36","slug":"jorge-riechmann-bibliography","status":"publish","type":"page","link":"https:\/\/21stcenturyartivism.sites.carleton.edu\/en\/jorge-riechmann-bibliography\/","title":{"rendered":"Jorge Riechmann &#8211; Bibliography"},"content":{"rendered":"<h3>\u00abPoemas lisiados\u00bb<\/h3>\n<ul>\n<li><a href=\"http:\/\/elroommate.com\/2012\/07\/02\/helena-resena-a-jorge-reichmann-espana\/\" target=\"_blank\" rel=\"noopener noreferrer\">rese\u00f1a de\u00a0Helena de Llanos<\/a><\/li>\n<\/ul>\n<h3>\u00abGente que no quiere viajar a Marte\u00bb<\/h3>\n<ul>\n<li><a href=\"http:\/\/www.solodelibros.es\/gente-que-no-quiere-viajar-a-marte-jorge-riechmann\/\" target=\"_blank\" rel=\"noopener noreferrer\">rese\u00f1a de\u00a0Sra. Castro<\/a><\/li>\n<\/ul>\n<div class=\"page\" title=\"Page 1\">\n<div class=\"layoutArea\">\n<div class=\"column\">\n<h3>\u00abUn buen encaje en los ecosistemas\u00bb<\/h3>\n<ul>\n<li><a href=\"http:\/\/revistaeconomiacritica.org\/sites\/default\/files\/revistas\/n17\/16_JorgeRiechman_UnBuenEncaje_JGarcia.pdf\" target=\"_blank\" rel=\"noopener noreferrer\">ensayo de\u00a0Javier Garc\u00eda L\u00f3pez<\/a><\/li>\n<\/ul>\n<h3 class=\"entry_title\">\u00abEl siglo de la gran prueba\u00bb<\/h3>\n<ul>\n<li><a href=\"http:\/\/www.culturamas.es\/blog\/2014\/07\/23\/el-siglo-de-la-gran-prueba-de-jorge-riechmann\/\" target=\"_blank\" rel=\"noopener noreferrer\">rese\u00f1a de\u00a0Alberto Garc\u00eda-Teresa<\/a><\/li>\n<\/ul>\n<h3>\u00abAh\u00ed es nada. Nuevos ensayos sobre el mundo y la poes\u00eda y el mundo\u00bb<\/h3>\n<ul>\n<li><a href=\"http:\/\/www.literaturas.info\/Revista\/2014\/02\/ahi-es-nada-nuevos-ensayos-sobre-el-mundo-y-la-poesia-y-el-mundo\/\" target=\"_blank\" rel=\"noopener noreferrer\">rese\u00f1a de\u00a0Alberto Garc\u00eda-Teresa<\/a><\/li>\n<\/ul>\n<h3>\u00abFuturalgia: el agua de una voz\u00bb<\/h3>\n<ul>\n<li><a href=\"http:\/\/calambureditorial.blogspot.com\/2011\/10\/resena-futuralgia-de-jorge-riechmann-en_16.html\" target=\"_blank\" rel=\"noopener noreferrer\">rese\u00f1a de\u00a0Agust\u00edn Delgado<\/a><\/li>\n<li><a href=\"http:\/\/librepensamiento.org\/archivos\/3599\" target=\"_blank\" rel=\"noopener noreferrer\">rese\u00f1a de\u00a0Emilio G\u00f3mez Garc\u00eda<\/a><\/li>\n<\/ul>\n<h3 id=\"docTitle\"><span class=\"text\">\u00abCuidar la T(i)erra. Pol\u00edticas agrarias y alimentarias sostenibles para entrar al siglo XXI\u00bb<\/span><\/h3>\n<ul>\n<li><a href=\"http:\/\/polis.revues.org\/7617\" target=\"_blank\" rel=\"noopener noreferrer\">rese\u00f1a de\u00a0Francisco\u00a0<span class=\"familyName\">Fern\u00e1ndez\u00a0Buey<\/span><\/a><\/li>\n<\/ul>\n<h3>Other<\/h3>\n<ul>\n<li><a href=\"http:\/\/ayp.unia.es\/index.php?option=com_content&amp;task=view&amp;id=496\" target=\"_blank\" rel=\"noopener noreferrer\">Resumen de la conferencia de Jorge Riechmann: Elementos para una teor\u00eda de la racionalidad ecol\u00f3gica<\/a><\/li>\n<li>\n<div class=\"pretitulo\"><a href=\"http:\/\/www.rebelion.org\/noticia.php?id=177837&amp;titular=una-\u00e9tica-colectiva-frente-al-enloquecido-\u201cextremist\u00e1n\u201d-\" target=\"_blank\" rel=\"noopener noreferrer\">Una \u00e9tica colectiva frente al enloquecido \u201cExtremist\u00e1n\u201d<\/a><em>\u00a0(El fil\u00f3sofo y poeta ecosocialista, Jorge Riechmann, imparte una conferencia en el F\u00f2rum de Debats de la Universitat de Val\u00e8ncia) <\/em>por Enric Llopis<em>\u00a0<\/em><\/div>\n<\/li>\n<li><a href=\"http:\/\/www.publico.es\/culturas\/jorge-riechmann-hay-reivindicar-cultura.html\" target=\"_blank\" rel=\"noopener noreferrer\">art\u00edculo por\u00a0Peio H. Ria\u00f1o<\/a><\/li>\n<li>Cahill, Paul. \u00abGlobalizing Good And Evil In The Poetry Of Jorge Urrutia And Jorge Riechmann.\u00bb\u00a0<i>Mln<\/i>\u00a0125.2 (2010): 457-476.\u00a0<i>MLA International Bibliography<\/i>. Web. 28 Nov. 2015.<\/li>\n<li>Casado, Miguel. \u00abJorge Riechmann: Poes\u00eda del desconsuelo.\u00bb\u00a0<i>Insula: Revista de letras y ciencias humanas<\/i>\u00a046.534 (1991): 20-21.\u00a0<i>MLA International Bibliography<\/i>. Web. 28 Nov. 2015.<\/li>\n<li>Casado, Miguel. \u00abPara recuperar los nombres: Sobre la poes\u00eda de Jorge Riechmann.\u00bb\u00a0<i>Cuadernos hispanoamericanos: Revista mensual de cultura hispanica<\/i>\u00a0544.(1995): 113-124.\u00a0<i>MLA International Bibliography<\/i>. Web. 28 Nov. 2015.<\/li>\n<li>Cullell, Diana. \u00ab<a href=\"http:\/\/www.biblioteca.org.ar\/libros\/152530.pdf\" target=\"_blank\" rel=\"noopener noreferrer\">Versiones postmodernas de compromiso en la poes\u00eda espa\u00f1ola contempor\u00e1nea: Los ejemplos de Luis Garc\u00eda Montero, Mar\u00eda Antonia Ortega y Jorge Riechmann<\/a>.\u00bb\u00a0<i>Esp\u00e9culo: Revista de estudios literarios<\/i>\u00a043.(2009):\u00a0<i>MLA International Bibliography<\/i>. Web. 28 Nov. 2015.<\/li>\n<li>Llorente, Marina. \u00abPoemas cr\u00edticos en la Espa\u00f1a contempor\u00e1nea.\u00bb\u00a0<i>Hispania: A Journal Devoted To The Teaching Of Spanish And Portuguese<\/i>\u00a091.3 (2008): 579-589.\u00a0<i>MLA International Bibliography<\/i>. Web. 28 Nov. 2015.<\/li>\n<li>Mayhew, Jonathan. \u00abJorge Riechmann: Cuestiones de est\u00e9tica pol\u00edtica.\u00bb\u00a0<i>Insula: Revista de letras y ciencias humanas<\/i>\u00a0671-672.(2002): 39-41.\u00a0<i>MLA International Bibliography<\/i>. Web. 28 Nov. 2015.<\/li>\n<li>P\u00e9rez-Cano, Tania. \u00ab<a href=\"http:\/\/ir.uiowa.edu\/etd\/2606\/\" target=\"_blank\" rel=\"noopener noreferrer\">Ecopo\u00e9ticas transatl\u00e1nticas: Del texto a la acci\u00f3n social<\/a>.\u00bb\u00a0<i>Dissertation Abstracts International<\/i>\u00a074.10 (2014):\u00a0<i>MLA International Bibliography<\/i>. Web. 28 Nov. 2015.<\/li>\n<li>Prieto de Paula, \u00c1ngel Luis. \u00ab<a href=\"http:\/\/hdl.handle.net\/10045\/47032\" target=\"_blank\" rel=\"noopener noreferrer\">La poes\u00eda conc\u00e9ntrica de Jorge Riechmann<\/a>.\u00bb\u00a0<i>\u00cdNSULA<\/i>\u00a0811 (2014): 812. Web. 29 Dec. 2015.<\/li>\n<li>Scarano, Laura R. \u00ab<a href=\"http:\/\/fh.mdp.edu.ar\/revistas\/index.php\/celehis\/article\/download\/583\/588\" target=\"_blank\" rel=\"noopener noreferrer\">Cuerpos, historias, pasiones: Incursiones en la poes\u00eda espa\u00f1ola actual<\/a>.\u00bb\u00a0<i>Celehis: Revista del centro de letras hispanoamericanas<\/i>\u00a016.(2004): 229-247.\u00a0<i>MLA International Bibliography<\/i>. Web. 28 Nov. 2015.<\/li>\n<li>Scarano, Laura. \u00ab<a href=\"http:\/\/www.biblioteca.org.ar\/libros\/152448.pdf\" target=\"_blank\" rel=\"noopener noreferrer\">Tres voces inconformistas en la aquelarre urbana<\/a> (Beltr\u00e1n, Riechmann y Wolfe).\u00bb\u00a0<i>Esp\u00e9culo: Revista de estudios literarios<\/i>\u00a042.(2009):\u00a0<i>MLA International Bibliography<\/i>. Web. 28 Nov. 2015.<\/li>\n<\/ul>\n<\/div>\n<\/div>\n<\/div>\n<p style=\"text-align: right;\"><a href=\"https:\/\/21stcenturyartivism.sites.carleton.edu\/en\/essay\/jorge-riechmann\/\">\u2b05\ufe0e Back to Jorge\u00a0Riechmann&#8217;s Biography<\/a><\/p>","protected":false},"excerpt":{"rendered":"<p>\u00abPoemas lisiados\u00bb rese\u00f1a de\u00a0Helena de Llanos \u00abGente que no quiere viajar a Marte\u00bb rese\u00f1a de\u00a0Sra. Castro \u00abUn buen encaje en los ecosistemas\u00bb ensayo de\u00a0Javier Garc\u00eda L\u00f3pez \u00abEl siglo de la gran prueba\u00bb rese\u00f1a de\u00a0Alberto Garc\u00eda-Teresa \u00abAh\u00ed es nada. Nuevos ensayos sobre el mundo y la poes\u00eda y el mundo\u00bb rese\u00f1a de\u00a0Alberto Garc\u00eda-Teresa \u00abFuturalgia: el agua [&hellip;]<\/p>","protected":false},"author":1,"featured_media":0,"parent":0,"menu_order":0,"comment_status":"closed","ping_status":"open","template":"","meta":{"site-container-style":"default","site-container-layout":"default","site-sidebar-layout":"default","disable-article-header":"default","disable-site-header":"default","disable-site-footer":"default","disable-content-area-spacing":"default"},"acf":[],"_links":{"self":[{"href":"https:\/\/21stcenturyartivism.sites.carleton.edu\/en\/wp-json\/wp\/v2\/pages\/713"}],"collection":[{"href":"https:\/\/21stcenturyartivism.sites.carleton.edu\/en\/wp-json\/wp\/v2\/pages"}],"about":[{"href":"https:\/\/21stcenturyartivism.sites.carleton.edu\/en\/wp-json\/wp\/v2\/types\/page"}],"author":[{"embeddable":true,"href":"https:\/\/21stcenturyartivism.sites.carleton.edu\/en\/wp-json\/wp\/v2\/users\/1"}],"replies":[{"embeddable":true,"href":"https:\/\/21stcenturyartivism.sites.carleton.edu\/en\/wp-json\/wp\/v2\/comments?post=713"}],"version-history":[{"count":1,"href":"https:\/\/21stcenturyartivism.sites.carleton.edu\/en\/wp-json\/wp\/v2\/pages\/713\/revisions"}],"predecessor-version":[{"id":8975,"href":"https:\/\/21stcenturyartivism.sites.carleton.edu\/en\/wp-json\/wp\/v2\/pages\/713\/revisions\/8975"}],"wp:attachment":[{"href":"https:\/\/21stcenturyartivism.sites.carleton.edu\/en\/wp-json\/wp\/v2\/media?parent=713"}],"curies":[{"name":"wp","href":"https:\/\/api.w.org\/{rel}","templated":true}]}}