{"id":905,"date":"2015-04-30T22:25:19","date_gmt":"2015-05-01T03:25:19","guid":{"rendered":"https:\/\/21stcenturyartivism.sites.carleton.edu\/?page_id=905"},"modified":"2023-03-15T18:05:34","modified_gmt":"2023-03-15T18:05:34","slug":"comando-video-videos","status":"publish","type":"page","link":"https:\/\/21stcenturyartivism.sites.carleton.edu\/en\/comando-video-videos\/","title":{"rendered":"Comando Video &#8211; film"},"content":{"rendered":"<h3 style=\"text-align: center;\"><em><a href=\"http:\/\/www.comandovideo.net\" target=\"_blank\" rel=\"noopener noreferrer\">S\u00ed se puede<\/a><\/em>, Spain, 2014, 52&#8242;<\/h3>\n<p style=\"text-align: center;\"><strong>Espa\u00f1ol<\/strong><\/p>\n<p style=\"text-align: center;\"><iframe loading=\"lazy\" src=\"https:\/\/www.youtube.com\/embed\/elnjoFVv_Os\" width=\"560\" height=\"315\" frameborder=\"0\" allowfullscreen=\"allowfullscreen\"><\/iframe><\/p>\n<p style=\"text-align: center;\"><strong>English<\/strong><\/p>\n<p style=\"text-align: center;\">Pau Faus&#8217; introduction to <em>S\u00ed se puede<\/em><\/p>\n<p style=\"text-align: center;\"><iframe loading=\"lazy\" src=\"https:\/\/player.vimeo.com\/video\/132392471\" width=\"500\" height=\"281\" frameborder=\"0\" allowfullscreen=\"allowfullscreen\"><\/iframe><\/p>\n<p style=\"text-align: center;\"><iframe loading=\"lazy\" src=\"https:\/\/www.youtube.com\/embed\/caD17RKJfbc\" width=\"560\" height=\"315\" frameborder=\"0\" allowfullscreen=\"allowfullscreen\"><\/iframe><\/p>\n<p style=\"text-align: right;\"><a href=\"https:\/\/21stcenturyartivism.sites.carleton.edu\/en\/colectivos\/comando-video\/\">\u2b05\ufe0e Back to Comando Video&#8217;s Biography<\/a><\/p>","protected":false},"excerpt":{"rendered":"<p>S\u00ed se puede, Spain, 2014, 52&#8242; Espa\u00f1ol English Pau Faus&#8217; introduction to S\u00ed se puede \u2b05\ufe0e Back to Comando Video&#8217;s Biography<\/p>","protected":false},"author":1,"featured_media":0,"parent":0,"menu_order":0,"comment_status":"closed","ping_status":"open","template":"","meta":{"site-container-style":"default","site-container-layout":"default","site-sidebar-layout":"default","disable-article-header":"default","disable-site-header":"default","disable-site-footer":"default","disable-content-area-spacing":"default"},"acf":[],"_links":{"self":[{"href":"https:\/\/21stcenturyartivism.sites.carleton.edu\/en\/wp-json\/wp\/v2\/pages\/905"}],"collection":[{"href":"https:\/\/21stcenturyartivism.sites.carleton.edu\/en\/wp-json\/wp\/v2\/pages"}],"about":[{"href":"https:\/\/21stcenturyartivism.sites.carleton.edu\/en\/wp-json\/wp\/v2\/types\/page"}],"author":[{"embeddable":true,"href":"https:\/\/21stcenturyartivism.sites.carleton.edu\/en\/wp-json\/wp\/v2\/users\/1"}],"replies":[{"embeddable":true,"href":"https:\/\/21stcenturyartivism.sites.carleton.edu\/en\/wp-json\/wp\/v2\/comments?post=905"}],"version-history":[{"count":1,"href":"https:\/\/21stcenturyartivism.sites.carleton.edu\/en\/wp-json\/wp\/v2\/pages\/905\/revisions"}],"predecessor-version":[{"id":8724,"href":"https:\/\/21stcenturyartivism.sites.carleton.edu\/en\/wp-json\/wp\/v2\/pages\/905\/revisions\/8724"}],"wp:attachment":[{"href":"https:\/\/21stcenturyartivism.sites.carleton.edu\/en\/wp-json\/wp\/v2\/media?parent=905"}],"curies":[{"name":"wp","href":"https:\/\/api.w.org\/{rel}","templated":true}]}}